{"id":1490,"date":"2022-11-17T16:04:55","date_gmt":"2022-11-17T15:04:55","guid":{"rendered":"https:\/\/xn--pranm-yoga-64a.fr\/?page_id=1490"},"modified":"2026-04-21T10:12:47","modified_gmt":"2026-04-21T08:12:47","slug":"les-retraites","status":"publish","type":"page","link":"https:\/\/xn--pranm-yoga-64a.fr\/index.php\/les-retraites\/","title":{"rendered":"Les retraites"},"content":{"rendered":"[vc_row type=&#8221;full_width_content&#8221; full_screen_row_position=&#8221;middle&#8221; column_margin=&#8221;default&#8221; column_direction=&#8221;default&#8221; column_direction_tablet=&#8221;default&#8221; column_direction_phone=&#8221;default&#8221; scene_position=&#8221;center&#8221; translate_y=&#8221;-200&#8243; text_color=&#8221;dark&#8221; text_align=&#8221;left&#8221; row_border_radius=&#8221;none&#8221; row_border_radius_applies=&#8221;bg&#8221; color_overlay=&#8221;rgba(221,153,51,0.22)&#8221; overlay_strength=&#8221;0.3&#8243; gradient_direction=&#8221;left_to_right&#8221; shape_divider_position=&#8221;bottom&#8221; bg_image_animation=&#8221;none&#8221; shape_type=&#8221;&#8221;][vc_column column_padding=&#8221;no-extra-padding&#8221; column_padding_tablet=&#8221;inherit&#8221; column_padding_phone=&#8221;inherit&#8221; column_padding_position=&#8221;all&#8221; column_element_spacing=&#8221;default&#8221; centered_text=&#8221;true&#8221; background_color_opacity=&#8221;1&#8243; background_hover_color_opacity=&#8221;1&#8243; column_shadow=&#8221;none&#8221; column_border_radius=&#8221;none&#8221; column_link_target=&#8221;_self&#8221; zindex=&#8221;4&#8243; gradient_direction=&#8221;left_to_right&#8221; overlay_strength=&#8221;0.3&#8243; width=&#8221;1\/1&#8243; tablet_width_inherit=&#8221;default&#8221; tablet_text_alignment=&#8221;default&#8221; phone_text_alignment=&#8221;default&#8221; bg_image_animation=&#8221;none&#8221; border_type=&#8221;simple&#8221; column_border_width=&#8221;none&#8221; column_border_style=&#8221;solid&#8221;][vc_column_text]\n<h4>&#8221; Il y a une Force dans l&#8217;univers qui, si on la laisse faire, coulera \u00e0 travers nous et produira des effets miraculeux &#8220;<\/h4>\n<h4>-Gandhi<\/h4>\n[\/vc_column_text][\/vc_column][\/vc_row][vc_row type=&#8221;full_width_content&#8221; full_screen_row_position=&#8221;middle&#8221; column_margin=&#8221;default&#8221; equal_height=&#8221;yes&#8221; content_placement=&#8221;middle&#8221; column_direction=&#8221;default&#8221; column_direction_tablet=&#8221;default&#8221; column_direction_phone=&#8221;default&#8221; bg_image=&#8221;1493&#8243; bg_position=&#8221;left top&#8221; background_image_loading=&#8221;default&#8221; bg_repeat=&#8221;no-repeat&#8221; scene_position=&#8221;center&#8221; top_padding=&#8221;5%&#8221; bottom_padding=&#8221;8%&#8221; left_padding_desktop=&#8221;3%&#8221; text_color=&#8221;light&#8221; text_align=&#8221;left&#8221; row_border_radius=&#8221;none&#8221; row_border_radius_applies=&#8221;bg&#8221; color_overlay=&#8221;#d8d8d8&#8243; overlay_strength=&#8221;0.5&#8243; gradient_direction=&#8221;left_to_right&#8221; shape_divider_position=&#8221;bottom&#8221; bg_image_animation=&#8221;none&#8221; shape_type=&#8221;&#8221;][vc_column column_padding=&#8221;padding-2-percent&#8221; column_padding_tablet=&#8221;inherit&#8221; column_padding_phone=&#8221;inherit&#8221; column_padding_position=&#8221;right&#8221; column_element_spacing=&#8221;default&#8221; background_color_opacity=&#8221;1&#8243; background_hover_color_opacity=&#8221;1&#8243; column_shadow=&#8221;none&#8221; column_border_radius=&#8221;none&#8221; column_link_target=&#8221;_self&#8221; gradient_direction=&#8221;left_to_right&#8221; overlay_strength=&#8221;0.3&#8243; width=&#8221;1\/1&#8243; tablet_width_inherit=&#8221;default&#8221; tablet_text_alignment=&#8221;default&#8221; phone_text_alignment=&#8221;default&#8221; bg_image_animation=&#8221;none&#8221; border_type=&#8221;simple&#8221; column_border_width=&#8221;none&#8221; column_border_style=&#8221;solid&#8221;][vc_column_text css=&#8221;.vc_custom_1669749344026{padding-right: 5% !important;}&#8221;]\n<h1><span style=\"color: #614129;\">Les Retraites<\/span><\/h1>\n[\/vc_column_text][vc_row_inner content_placement=&#8221;bottom&#8221; column_margin=&#8221;none&#8221; column_direction=&#8221;default&#8221; column_direction_tablet=&#8221;default&#8221; column_direction_phone=&#8221;default&#8221; top_padding=&#8221;10%&#8221; left_padding_desktop=&#8221;30%&#8221; constrain_group_2=&#8221;yes&#8221; right_padding_desktop=&#8221;30%&#8221; left_padding_phone=&#8221;10%&#8221; constrain_group_6=&#8221;yes&#8221; right_padding_phone=&#8221;10%&#8221; text_align=&#8221;left&#8221;][vc_column_inner column_padding=&#8221;padding-6-percent&#8221; column_padding_tablet=&#8221;inherit&#8221; column_padding_phone=&#8221;padding-3-percent&#8221; column_padding_position=&#8221;all&#8221; column_element_spacing=&#8221;default&#8221; background_color=&#8221;#ad8634&#8243; background_color_opacity=&#8221;0.5&#8243; background_hover_color_opacity=&#8221;1&#8243; column_shadow=&#8221;none&#8221; column_border_radius=&#8221;none&#8221; column_link_target=&#8221;_self&#8221; el_class=&#8221;box-title-retraites&#8221; gradient_direction=&#8221;left_to_right&#8221; overlay_strength=&#8221;0.3&#8243; width=&#8221;1\/1&#8243; tablet_width_inherit=&#8221;default&#8221; bg_image_animation=&#8221;none&#8221; border_type=&#8221;simple&#8221; column_border_width=&#8221;none&#8221; column_border_style=&#8221;solid&#8221;][nectar_highlighted_text color_type=&#8221;regular&#8221; style=&#8221;full_text&#8221; highlight_expansion=&#8221;default&#8221; custom_font_size=&#8221;35px&#8221;]\n<h4>&#8221; Il y a une Force dans l&#8217;univers qui, si on la laisse faire, coulera \u00e0 travers nous et produira des effets miraculeux &#8221;\u00a0 -Gandhi<\/h4>\n[\/nectar_highlighted_text][\/vc_column_inner][\/vc_row_inner][\/vc_column][\/vc_row][vc_row type=&#8221;full_width_background&#8221; full_screen_row_position=&#8221;middle&#8221; column_margin=&#8221;default&#8221; equal_height=&#8221;yes&#8221; column_direction=&#8221;default&#8221; column_direction_tablet=&#8221;default&#8221; column_direction_phone=&#8221;default&#8221; bg_color=&#8221;rgba(234,236,255,0.41)&#8221; scene_position=&#8221;center&#8221; text_color=&#8221;dark&#8221; text_align=&#8221;left&#8221; row_border_radius=&#8221;none&#8221; row_border_radius_applies=&#8221;bg&#8221; overlay_strength=&#8221;0.3&#8243; gradient_direction=&#8221;left_to_right&#8221; shape_divider_position=&#8221;bottom&#8221; bg_image_animation=&#8221;none&#8221; shape_type=&#8221;&#8221;][vc_column column_padding=&#8221;no-extra-padding&#8221; column_padding_tablet=&#8221;inherit&#8221; column_padding_phone=&#8221;inherit&#8221; column_padding_position=&#8221;all&#8221; column_element_spacing=&#8221;default&#8221; background_color_opacity=&#8221;0.4&#8243; background_hover_color_opacity=&#8221;1&#8243; column_shadow=&#8221;none&#8221; column_border_radius=&#8221;none&#8221; column_link_target=&#8221;_self&#8221; gradient_direction=&#8221;left_to_right&#8221; overlay_strength=&#8221;0.3&#8243; width=&#8221;1\/1&#8243; tablet_width_inherit=&#8221;default&#8221; tablet_text_alignment=&#8221;default&#8221; phone_text_alignment=&#8221;default&#8221; bg_image_animation=&#8221;none&#8221; border_type=&#8221;simple&#8221; column_border_width=&#8221;none&#8221; column_border_style=&#8221;solid&#8221;][vc_column_text]\n<div dir=\"auto\"><\/div>\n<h5 dir=\"auto\">&#8220;Un bon th\u00e9rapeute ne regarde pas &#8220;seulement&#8221; la maladie, mais aussi tout ce qui est en bonne sant\u00e9 chez un malade.<\/h5>\n<h5 dir=\"auto\">L&#8217;expression \u00ab prendre soin de l&#8217;Etre \u00bb, chez les th\u00e9rapeutes d&#8217;Alexandrie, peut sembler paradoxale.<\/h5>\n<h5 dir=\"auto\">Elle revient \u00e0 dire : \u00absoigner Dieu dans l&#8217;autre\u00bb.<\/h5>\n<h5 dir=\"auto\">Soigner Dieu ?&#8230; Qu&#8217;est-ce que cela peut bien signifier ?<\/h5>\n<h5 dir=\"auto\"><\/h5>\n<h5 dir=\"auto\">Soigner Dieu dans l&#8217;autre, c&#8217;est croire et exp\u00e9rimenter que l&#8217;autre va gu\u00e9rir \u00e0 partir du point de sant\u00e9 qui est en lui.<\/h5>\n<h5 dir=\"auto\">Quand on parle de la nature de bouddha en nous, il s&#8217;agit de ce quelque chose en nous qui n&#8217;est pas malade, d\u00e9j\u00e0 \u00e9veill\u00e9, non n\u00e9, non conditionn\u00e9.<\/h5>\n<h5 dir=\"auto\">Nous sommes d\u00e9j\u00e0 sauv\u00e9s, d\u00e9j\u00e0 gu\u00e9ris, en bonne sant\u00e9, mais nous ne le savons pas, nous n&#8217;en faisons pas l&#8217;exp\u00e9rience. L&#8217;exp\u00e9rience du salut (soteria), c&#8217;est l\u2019esprit saint en nous.<\/h5>\n<h5 dir=\"auto\"><\/h5>\n<h5 dir=\"auto\">Ce n&#8217;est pas le m\u00e9decin qui gu\u00e9rit, mais la nature.<\/h5>\n<h5 dir=\"auto\"><\/h5>\n[\/vc_column_text][toggles style=&#8221;minimal&#8221;][toggle color=&#8221;Extra-Color-1&#8243; title=&#8221;Lire Plus&#8221;][vc_column_text]\n<div dir=\"auto\">Le th\u00e9rapeute, quel qu&#8217;il soit, met la personne qui souffre dans les conditions qui permettront \u00e0 la nature de la soulager.<\/div>\n<div dir=\"auto\">C&#8217;est l&#8217;\u00catre qui gu\u00e9rit de l&#8217;int\u00e9rieur.<\/div>\n<div dir=\"auto\">Cela suppose de la part du th\u00e9rapeute, ou de celui qui est sur un chemin spirituel &#8211; celui qui travaille au bien-\u00eatre de tous les vivants &#8211; de savoir que le bien-\u00eatre est d\u00e9j\u00e0 l\u00e0, ce n&#8217;est donc pas lui qui l&#8217;apporte.<\/div>\n<div dir=\"auto\"><\/div>\n<div dir=\"auto\">Nous devons nous le r\u00e9p\u00e9ter chaque fois que nous soignons quelqu&#8217;un : nous n&#8217;allons pas gu\u00e9rir la personne, nous allons simplement cr\u00e9er les dispositions les plus favorables pour que puisse op\u00e9rer ce qui est sain en elle.<\/div>\n<div dir=\"auto\">Ce n\u2019est pas nous qui allons apporter ce qu&#8217;il y a de plus pr\u00e9cieux, car cela se trouve d\u00e9j\u00e0 dans la personne.<\/div>\n<div dir=\"auto\">Il y a au milieu de nous quelqu&#8217;un que nous ne connaissons pas ;<\/div>\n<div dir=\"auto\">il y a au c\u0153ur de nous une dimension de vie, de pl\u00e9nitude, de paix, que nous n&#8217;avons jamais go\u00fbt\u00e9e.&#8221;<\/div>\n<div dir=\"auto\">&#8211; Jean-Yves Leloup (\u00e9crivain, philosophe, pr\u00eatre orthodoxe)<\/div>\n[\/vc_column_text][\/toggle][\/toggles][\/vc_column][\/vc_row][vc_row type=&#8221;full_width_content&#8221; full_screen_row_position=&#8221;middle&#8221; column_margin=&#8221;default&#8221; column_direction=&#8221;default&#8221; column_direction_tablet=&#8221;default&#8221; column_direction_phone=&#8221;default&#8221; bg_color=&#8221;#bc9976&#8243; scene_position=&#8221;center&#8221; top_padding=&#8221;2%&#8221; text_color=&#8221;dark&#8221; text_align=&#8221;left&#8221; row_border_radius=&#8221;none&#8221; row_border_radius_applies=&#8221;bg&#8221; overlay_strength=&#8221;0.3&#8243; gradient_direction=&#8221;left_to_right&#8221; shape_divider_position=&#8221;bottom&#8221; bg_image_animation=&#8221;none&#8221; shape_type=&#8221;&#8221;][vc_column column_padding=&#8221;no-extra-padding&#8221; column_padding_tablet=&#8221;inherit&#8221; column_padding_phone=&#8221;inherit&#8221; column_padding_position=&#8221;all&#8221; column_element_spacing=&#8221;0px&#8221; background_color_opacity=&#8221;1&#8243; background_hover_color_opacity=&#8221;1&#8243; column_shadow=&#8221;none&#8221; column_border_radius=&#8221;none&#8221; column_link_target=&#8221;_self&#8221; gradient_direction=&#8221;left_to_right&#8221; overlay_strength=&#8221;0.3&#8243; width=&#8221;1\/1&#8243; tablet_width_inherit=&#8221;default&#8221; tablet_text_alignment=&#8221;default&#8221; phone_text_alignment=&#8221;default&#8221; bg_image_animation=&#8221;none&#8221; border_type=&#8221;advanced&#8221; border_bottom_desktop=&#8221;1&#8243; column_border_color=&#8221;#919ec6&#8243; column_border_style=&#8221;solid&#8221;][vc_row_inner equal_height=&#8221;yes&#8221; content_placement=&#8221;middle&#8221; column_margin=&#8221;none&#8221; column_direction=&#8221;default&#8221; column_direction_tablet=&#8221;default&#8221; column_direction_phone=&#8221;default&#8221; text_align=&#8221;left&#8221;][vc_column_inner column_padding=&#8221;padding-10-percent&#8221; column_padding_tablet=&#8221;inherit&#8221; column_padding_phone=&#8221;inherit&#8221; column_padding_position=&#8221;all&#8221; column_element_spacing=&#8221;default&#8221; background_color_opacity=&#8221;1&#8243; background_hover_color_opacity=&#8221;1&#8243; background_image=&#8221;1781&#8243; background_image_position=&#8221;left top&#8221; background_image_loading=&#8221;default&#8221; column_shadow=&#8221;none&#8221; column_border_radius=&#8221;none&#8221; column_link_target=&#8221;_self&#8221; gradient_direction=&#8221;left_to_right&#8221; overlay_strength=&#8221;0.3&#8243; width=&#8221;1\/2&#8243; tablet_width_inherit=&#8221;default&#8221; bg_image_animation=&#8221;none&#8221; enable_animation=&#8221;true&#8221; animation=&#8221;fade-in&#8221; border_type=&#8221;advanced&#8221; border_bottom_desktop=&#8221;1&#8243; column_border_color=&#8221;#919ec6&#8243; column_border_style=&#8221;solid&#8221; offset=&#8221;vc_col-xs-7&#8243;][nectar_highlighted_text color_type=&#8221;regular&#8221; highlight_color=&#8221;rgba(238,238,34,0.29)&#8221; text_color=&#8221;#000000&#8243; style=&#8221;full_text&#8221; highlight_expansion=&#8221;default&#8221; custom_font_size=&#8221;3vw&#8221;]\n<h2><span style=\"color: #ffffff;\">Les propositions<\/span><\/h2>\n[\/nectar_highlighted_text][\/vc_column_inner][vc_column_inner column_padding=&#8221;padding-5-percent&#8221; column_padding_tablet=&#8221;inherit&#8221; column_padding_phone=&#8221;inherit&#8221; column_padding_position=&#8221;right&#8221; column_element_spacing=&#8221;default&#8221; background_color_opacity=&#8221;1&#8243; background_hover_color_opacity=&#8221;1&#8243; background_image=&#8221;2209&#8243; background_image_position=&#8221;right bottom&#8221; background_image_loading=&#8221;default&#8221; column_shadow=&#8221;none&#8221; column_border_radius=&#8221;none&#8221; column_link_target=&#8221;_self&#8221; gradient_direction=&#8221;left_to_right&#8221; overlay_strength=&#8221;0.3&#8243; width=&#8221;1\/2&#8243; tablet_width_inherit=&#8221;default&#8221; bg_image_animation=&#8221;none&#8221; enable_animation=&#8221;true&#8221; animation=&#8221;fade-in&#8221; border_type=&#8221;advanced&#8221; border_bottom_desktop=&#8221;1&#8243; column_border_color=&#8221;#919ec6&#8243; column_border_style=&#8221;solid&#8221; offset=&#8221;vc_col-xs-5&#8243;][\/vc_column_inner][\/vc_row_inner][vc_row_inner equal_height=&#8221;yes&#8221; column_margin=&#8221;none&#8221; column_direction=&#8221;default&#8221; column_direction_tablet=&#8221;default&#8221; column_direction_phone=&#8221;default&#8221; text_align=&#8221;left&#8221;][vc_column_inner column_padding=&#8221;padding-5-percent&#8221; column_padding_tablet=&#8221;inherit&#8221; column_padding_phone=&#8221;inherit&#8221; column_padding_position=&#8221;all&#8221; column_element_spacing=&#8221;default&#8221; background_color_opacity=&#8221;1&#8243; background_hover_color_opacity=&#8221;1&#8243; column_shadow=&#8221;none&#8221; column_border_radius=&#8221;none&#8221; column_link_target=&#8221;_self&#8221; gradient_direction=&#8221;left_to_right&#8221; overlay_strength=&#8221;0.3&#8243; width=&#8221;1\/2&#8243; tablet_width_inherit=&#8221;default&#8221; bg_image_animation=&#8221;none&#8221; enable_animation=&#8221;true&#8221; animation=&#8221;fade-in&#8221; border_type=&#8221;simple&#8221; column_border_width=&#8221;none&#8221; column_border_style=&#8221;solid&#8221; delay=&#8221;300&#8243;][\/vc_column_inner][\/vc_row_inner][vc_row_inner equal_height=&#8221;yes&#8221; column_margin=&#8221;none&#8221; column_direction=&#8221;default&#8221; column_direction_tablet=&#8221;default&#8221; column_direction_phone=&#8221;default&#8221; text_align=&#8221;left&#8221;][vc_column_inner column_padding=&#8221;padding-5-percent&#8221; column_padding_tablet=&#8221;inherit&#8221; column_padding_phone=&#8221;inherit&#8221; column_padding_position=&#8221;all&#8221; column_element_spacing=&#8221;default&#8221; background_color_opacity=&#8221;1&#8243; background_hover_color_opacity=&#8221;1&#8243; column_shadow=&#8221;none&#8221; column_border_radius=&#8221;none&#8221; column_link_target=&#8221;_self&#8221; gradient_direction=&#8221;left_to_right&#8221; overlay_strength=&#8221;0.3&#8243; width=&#8221;1\/2&#8243; tablet_width_inherit=&#8221;default&#8221; bg_image_animation=&#8221;none&#8221; enable_animation=&#8221;true&#8221; animation=&#8221;fade-in&#8221; border_type=&#8221;simple&#8221; column_border_width=&#8221;none&#8221; column_border_style=&#8221;solid&#8221; delay=&#8221;300&#8243;][vc_column_text css=&#8221;.vc_custom_1776441667205{margin-bottom: 30px !important;}&#8221;]\n<h3>Retraite d&#8217;\u00e9t\u00e9<\/h3>\n<h3>Au Coeur de Broc\u00e9liande<\/h3>\n<p>du 17 au 20 Juillet 2026<\/p>\n<p>a Paimpont<\/p>\n<p><span style=\"color: #ccffcc;\">Il reste 4 places!<\/span>[\/vc_column_text][image_with_animation image_url=&#8221;2341&#8243; animation=&#8221;None&#8221; hover_animation=&#8221;zoom-crop&#8221; alignment=&#8221;&#8221; border_radius=&#8221;15px&#8221; box_shadow=&#8221;x_large_depth&#8221; image_loading=&#8221;default&#8221; max_width=&#8221;100%&#8221; max_width_mobile=&#8221;default&#8221; img_link=&#8221;https:\/\/pran\u00e2m-yoga.fr\/index.php\/week-end\/&#8221;][vc_column_text css=&#8221;.vc_custom_1776758201693{margin-bottom: 30px !important;}&#8221;]\n<h3><\/h3>\n<h3><\/h3>\n<h3><\/h3>\n<h3><\/h3>\n<h3><\/h3>\n<h3><\/h3>\n<p>&nbsp;<\/p>\n<p>&nbsp;<\/p>\n<h3>Retraite RESSOURCE<\/h3>\n<p>Chemin &amp; Rencontre avec le Refuge int\u00e9rieur<\/p>\n<p>du 9 au 11 Octobre 2026<\/p>\n<p>\u00e0 l&#8217;Arbre Aux Etoiles &#8211; Honfleur &#8211; Normandie<\/p>\n<p><span style=\"color: #ccffcc;\"><b>COMPLET !<\/b><\/span>[\/vc_column_text][image_with_animation image_url=&#8221;2253&#8243; animation=&#8221;None&#8221; hover_animation=&#8221;zoom-crop&#8221; alignment=&#8221;&#8221; border_radius=&#8221;15px&#8221; box_shadow=&#8221;x_large_depth&#8221; image_loading=&#8221;default&#8221; max_width=&#8221;100%&#8221; max_width_mobile=&#8221;default&#8221; img_link=&#8221;https:\/\/pran\u00e2m-yoga.fr\/index.php\/week-end-4\/&#8221;][vc_column_text css=&#8221;.vc_custom_1776758958963{margin-bottom: 30px !important;}&#8221;]\n<h3><\/h3>\n<h3><\/h3>\n<h3><\/h3>\n<h3><\/h3>\n<h3><\/h3>\n<h3><\/h3>\n<p>&nbsp;<\/p>\n<p>&nbsp;<\/p>\n<h3>Retraite ~PASSAGE~<\/h3>\n<p>du 4 et 6 D\u00e9cembre 2026<\/p>\n<p>\u00e0 Paimpont, for\u00eat de Broc\u00e9liande &#8211; Bretagne<\/p>\n<p><span style=\"color: #ccffcc;\"><b>Ouverture des inscriptions en Juin<\/b><\/span>[\/vc_column_text][image_with_animation image_url=&#8221;2423&#8243; animation=&#8221;None&#8221; hover_animation=&#8221;zoom-crop&#8221; alignment=&#8221;&#8221; border_radius=&#8221;15px&#8221; box_shadow=&#8221;x_large_depth&#8221; image_loading=&#8221;default&#8221; max_width=&#8221;100%&#8221; max_width_mobile=&#8221;default&#8221; img_link=&#8221;https:\/\/pran\u00e2m-yoga.fr\/index.php\/week-end-2\/&#8221;][\/vc_column_inner][\/vc_row_inner][vc_row_inner equal_height=&#8221;yes&#8221; column_margin=&#8221;none&#8221; column_direction=&#8221;default&#8221; column_direction_tablet=&#8221;default&#8221; column_direction_phone=&#8221;default&#8221; text_align=&#8221;left&#8221;][vc_column_inner column_padding=&#8221;padding-5-percent&#8221; column_padding_tablet=&#8221;inherit&#8221; column_padding_phone=&#8221;inherit&#8221; column_padding_position=&#8221;all&#8221; column_element_spacing=&#8221;default&#8221; background_color_opacity=&#8221;1&#8243; background_hover_color_opacity=&#8221;1&#8243; column_shadow=&#8221;none&#8221; column_border_radius=&#8221;none&#8221; column_link_target=&#8221;_self&#8221; gradient_direction=&#8221;left_to_right&#8221; overlay_strength=&#8221;0.3&#8243; width=&#8221;1\/2&#8243; tablet_width_inherit=&#8221;default&#8221; bg_image_animation=&#8221;none&#8221; enable_animation=&#8221;true&#8221; animation=&#8221;fade-in&#8221; border_type=&#8221;simple&#8221; column_border_width=&#8221;none&#8221; column_border_style=&#8221;solid&#8221; delay=&#8221;300&#8243;][\/vc_column_inner][\/vc_row_inner][\/vc_column][\/vc_row][vc_row type=&#8221;full_width_background&#8221; full_screen_row_position=&#8221;middle&#8221; column_margin=&#8221;default&#8221; column_direction=&#8221;default&#8221; column_direction_tablet=&#8221;default&#8221; column_direction_phone=&#8221;default&#8221; bg_color=&#8221;#e6ebf2&#8243; scene_position=&#8221;center&#8221; top_padding=&#8221;3%&#8221; constrain_group_1=&#8221;yes&#8221; bottom_padding=&#8221;3%&#8221; text_color=&#8221;dark&#8221; text_align=&#8221;left&#8221; row_border_radius=&#8221;none&#8221; row_border_radius_applies=&#8221;bg&#8221; overlay_strength=&#8221;0.3&#8243; gradient_direction=&#8221;left_to_right&#8221; shape_divider_position=&#8221;bottom&#8221; bg_image_animation=&#8221;none&#8221; shape_type=&#8221;&#8221;][vc_column column_padding=&#8221;no-extra-padding&#8221; column_padding_tablet=&#8221;inherit&#8221; column_padding_phone=&#8221;inherit&#8221; column_padding_position=&#8221;all&#8221; column_element_spacing=&#8221;default&#8221; background_color_opacity=&#8221;1&#8243; background_hover_color_opacity=&#8221;1&#8243; column_shadow=&#8221;none&#8221; column_border_radius=&#8221;none&#8221; column_link_target=&#8221;_self&#8221; gradient_direction=&#8221;left_to_right&#8221; overlay_strength=&#8221;0.3&#8243; width=&#8221;1\/1&#8243; tablet_width_inherit=&#8221;default&#8221; tablet_text_alignment=&#8221;default&#8221; phone_text_alignment=&#8221;default&#8221; bg_image_animation=&#8221;none&#8221; border_type=&#8221;simple&#8221; column_border_width=&#8221;none&#8221; column_border_style=&#8221;solid&#8221;][nectar_video_player_self_hosted video_webm=&#8221;https:\/\/xn--pranm-yoga-64a.fr\/wp-content\/uploads\/2022\/12\/VIDEO-2022-12-11-15-03-20.mp4&#8243; border_radius=&#8221;none&#8221; box_shadow=&#8221;none&#8221;][\/vc_column][\/vc_row]\n","protected":false},"excerpt":{"rendered":"<p>[vc_row type=&#8221;full_width_content&#8221; full_screen_row_position=&#8221;middle&#8221; column_margin=&#8221;default&#8221; column_direction=&#8221;default&#8221; column_direction_tablet=&#8221;default&#8221; column_direction_phone=&#8221;default&#8221; scene_position=&#8221;center&#8221; translate_y=&#8221;-200&#8243; text_color=&#8221;dark&#8221; text_align=&#8221;left&#8221; row_border_radius=&#8221;none&#8221; row_border_radius_applies=&#8221;bg&#8221; color_overlay=&#8221;rgba(221,153,51,0.22)&#8221; overlay_strength=&#8221;0.3&#8243; gradient_direction=&#8221;left_to_right&#8221; shape_divider_position=&#8221;bottom&#8221; bg_image_animation=&#8221;none&#8221; shape_type=&#8221;&#8221;][vc_column column_padding=&#8221;no-extra-padding&#8221; column_padding_tablet=&#8221;inherit&#8221; column_padding_phone=&#8221;inherit&#8221; column_padding_position=&#8221;all&#8221; column_element_spacing=&#8221;default&#8221; centered_text=&#8221;true&#8221; background_color_opacity=&#8221;1&#8243; background_hover_color_opacity=&#8221;1&#8243; column_shadow=&#8221;none&#8221; column_border_radius=&#8221;none&#8221; column_link_target=&#8221;_self&#8221;&#8230;<\/p>\n","protected":false},"author":1,"featured_media":0,"parent":0,"menu_order":0,"comment_status":"closed","ping_status":"closed","template":"","meta":[],"_links":{"self":[{"href":"https:\/\/xn--pranm-yoga-64a.fr\/index.php\/wp-json\/wp\/v2\/pages\/1490"}],"collection":[{"href":"https:\/\/xn--pranm-yoga-64a.fr\/index.php\/wp-json\/wp\/v2\/pages"}],"about":[{"href":"https:\/\/xn--pranm-yoga-64a.fr\/index.php\/wp-json\/wp\/v2\/types\/page"}],"author":[{"embeddable":true,"href":"https:\/\/xn--pranm-yoga-64a.fr\/index.php\/wp-json\/wp\/v2\/users\/1"}],"replies":[{"embeddable":true,"href":"https:\/\/xn--pranm-yoga-64a.fr\/index.php\/wp-json\/wp\/v2\/comments?post=1490"}],"version-history":[{"count":101,"href":"https:\/\/xn--pranm-yoga-64a.fr\/index.php\/wp-json\/wp\/v2\/pages\/1490\/revisions"}],"predecessor-version":[{"id":2425,"href":"https:\/\/xn--pranm-yoga-64a.fr\/index.php\/wp-json\/wp\/v2\/pages\/1490\/revisions\/2425"}],"wp:attachment":[{"href":"https:\/\/xn--pranm-yoga-64a.fr\/index.php\/wp-json\/wp\/v2\/media?parent=1490"}],"curies":[{"name":"wp","href":"https:\/\/api.w.org\/{rel}","templated":true}]}}