{"id":1510,"date":"2022-11-17T17:34:59","date_gmt":"2022-11-17T16:34:59","guid":{"rendered":"https:\/\/xn--pranm-yoga-64a.fr\/?page_id=1510"},"modified":"2026-04-17T18:02:39","modified_gmt":"2026-04-17T16:02:39","slug":"week-end","status":"publish","type":"page","link":"https:\/\/xn--pranm-yoga-64a.fr\/index.php\/week-end\/","title":{"rendered":"Week-end"},"content":{"rendered":"[vc_row type=&#8221;in_container&#8221; full_screen_row_position=&#8221;middle&#8221; column_margin=&#8221;default&#8221; column_direction=&#8221;default&#8221; column_direction_tablet=&#8221;default&#8221; column_direction_phone=&#8221;default&#8221; bg_color=&#8221;#3ca339&#8243; scene_position=&#8221;center&#8221; text_color=&#8221;dark&#8221; text_align=&#8221;left&#8221; row_border_radius=&#8221;none&#8221; row_border_radius_applies=&#8221;bg&#8221; overlay_strength=&#8221;0.3&#8243; gradient_direction=&#8221;left_to_right&#8221; shape_divider_position=&#8221;bottom&#8221; bg_image_animation=&#8221;none&#8221; shape_type=&#8221;&#8221;][vc_column column_padding=&#8221;no-extra-padding&#8221; column_padding_tablet=&#8221;inherit&#8221; column_padding_phone=&#8221;inherit&#8221; column_padding_position=&#8221;all&#8221; column_element_spacing=&#8221;default&#8221; background_color_opacity=&#8221;1&#8243; background_hover_color_opacity=&#8221;1&#8243; column_shadow=&#8221;none&#8221; column_border_radius=&#8221;none&#8221; column_link_target=&#8221;_self&#8221; gradient_direction=&#8221;left_to_right&#8221; overlay_strength=&#8221;0.3&#8243; width=&#8221;1\/1&#8243; tablet_width_inherit=&#8221;default&#8221; tablet_text_alignment=&#8221;default&#8221; phone_text_alignment=&#8221;default&#8221; bg_image_animation=&#8221;none&#8221; border_type=&#8221;simple&#8221; column_border_width=&#8221;none&#8221; column_border_style=&#8221;solid&#8221;][nectar_highlighted_text color_type=&#8221;regular&#8221; style=&#8221;full_text&#8221; highlight_expansion=&#8221;default&#8221;]\n<h2 style=\"text-align: center;\"><span style=\"color: #ffffff;\">Les d\u00e9tails de la Retraite<\/span><\/h2>\n[\/nectar_highlighted_text][\/vc_column][\/vc_row][vc_row type=&#8221;full_width_content&#8221; full_screen_row_position=&#8221;middle&#8221; column_margin=&#8221;default&#8221; equal_height=&#8221;yes&#8221; content_placement=&#8221;middle&#8221; column_direction=&#8221;default&#8221; column_direction_tablet=&#8221;default&#8221; column_direction_phone=&#8221;default&#8221; bg_color=&#8221;#ffffff&#8221; scene_position=&#8221;center&#8221; top_padding=&#8221;0&#8243; constrain_group_1=&#8221;yes&#8221; bottom_padding=&#8221;0&#8243; left_padding_desktop=&#8221;2%&#8221; constrain_group_2=&#8221;yes&#8221; right_padding_desktop=&#8221;2%&#8221; top_padding_tablet=&#8221;8%&#8221; bottom_padding_tablet=&#8221;8%&#8221; text_color=&#8221;dark&#8221; text_align=&#8221;left&#8221; row_border_radius=&#8221;none&#8221; row_border_radius_applies=&#8221;bg&#8221; id=&#8221;home&#8221; overlay_strength=&#8221;0.5&#8243; gradient_direction=&#8221;top_to_bottom&#8221; shape_divider_position=&#8221;bottom&#8221; bg_image_animation=&#8221;none&#8221; shape_type=&#8221;straight_section&#8221;][vc_column column_padding=&#8221;no-extra-padding&#8221; column_padding_tablet=&#8221;inherit&#8221; column_padding_phone=&#8221;inherit&#8221; column_padding_position=&#8221;all&#8221; left_margin_tablet=&#8221;auto&#8221; right_margin_tablet=&#8221;auto&#8221; top_margin_phone=&#8221;-40&#8243; left_margin_phone=&#8221;auto&#8221; right_margin_phone=&#8221;auto&#8221; column_element_spacing=&#8221;default&#8221; background_color_opacity=&#8221;1&#8243; background_hover_color_opacity=&#8221;1&#8243; column_shadow=&#8221;none&#8221; column_border_radius=&#8221;none&#8221; column_link_target=&#8221;_self&#8221; max_width_tablet=&#8221;600&#8243; max_width_phone=&#8221;420px&#8221; gradient_direction=&#8221;left_to_right&#8221; overlay_strength=&#8221;0.5&#8243; width=&#8221;1\/2&#8243; tablet_width_inherit=&#8221;default&#8221; tablet_text_alignment=&#8221;default&#8221; phone_text_alignment=&#8221;default&#8221; bg_image_animation=&#8221;none&#8221; border_type=&#8221;simple&#8221; column_border_width=&#8221;none&#8221; column_border_style=&#8221;solid&#8221; offset=&#8221;vc_col-xs-12&#8243;][image_with_animation image_url=&#8221;2341&#8243; animation=&#8221;Fade In&#8221; hover_animation=&#8221;none&#8221; alignment=&#8221;&#8221; border_radius=&#8221;none&#8221; box_shadow=&#8221;none&#8221; image_loading=&#8221;default&#8221; max_width=&#8221;100%&#8221; max_width_mobile=&#8221;default&#8221;][\/vc_column][vc_column column_padding=&#8221;padding-7-percent&#8221; column_padding_tablet=&#8221;no-extra-padding&#8221; column_padding_phone=&#8221;no-extra-padding&#8221; column_padding_position=&#8221;left-right&#8221; top_margin_tablet=&#8221;40&#8243; left_margin_tablet=&#8221;auto&#8221; right_margin_tablet=&#8221;auto&#8221; left_margin_phone=&#8221;auto&#8221; right_margin_phone=&#8221;auto&#8221; column_element_spacing=&#8221;default&#8221; background_color_opacity=&#8221;1&#8243; background_hover_color_opacity=&#8221;1&#8243; column_shadow=&#8221;none&#8221; column_border_radius=&#8221;none&#8221; column_link_target=&#8221;_self&#8221; max_width_desktop=&#8221;1000px&#8221; max_width_tablet=&#8221;600px&#8221; max_width_phone=&#8221;420px&#8221; zindex=&#8221;100&#8243; gradient_direction=&#8221;left_t_to_right_b&#8221; overlay_strength=&#8221;0.3&#8243; width=&#8221;1\/2&#8243; tablet_width_inherit=&#8221;default&#8221; tablet_text_alignment=&#8221;default&#8221; phone_text_alignment=&#8221;default&#8221; bg_image_animation=&#8221;none&#8221; border_type=&#8221;simple&#8221; column_border_width=&#8221;none&#8221; column_border_style=&#8221;solid&#8221; offset=&#8221;vc_col-xs-12&#8243;][vc_row_inner column_margin=&#8221;40px&#8221; column_direction=&#8221;default&#8221; column_direction_tablet=&#8221;default&#8221; column_direction_phone=&#8221;default&#8221; text_align=&#8221;left&#8221; min_width=&#8221;47vh&#8221;][vc_column_inner column_padding=&#8221;no-extra-padding&#8221; column_padding_tablet=&#8221;inherit&#8221; column_padding_phone=&#8221;inherit&#8221; column_padding_position=&#8221;all&#8221; column_element_spacing=&#8221;default&#8221; background_color_opacity=&#8221;1&#8243; background_hover_color_opacity=&#8221;1&#8243; column_shadow=&#8221;none&#8221; column_border_radius=&#8221;none&#8221; column_link_target=&#8221;_self&#8221; gradient_direction=&#8221;left_to_right&#8221; overlay_strength=&#8221;0.3&#8243; width=&#8221;1\/1&#8243; tablet_width_inherit=&#8221;default&#8221; bg_image_animation=&#8221;none&#8221; enable_animation=&#8221;true&#8221; animation=&#8221;fade-in-from-bottom&#8221; border_type=&#8221;simple&#8221; column_border_width=&#8221;none&#8221; column_border_style=&#8221;solid&#8221; enable_border_animation=&#8221;true&#8221;][vc_column_text css_animation=&#8221;none&#8221; css=&#8221;.vc_custom_1763196849042{margin-bottom: 20px !important;}&#8221;]\n<h3><span style=\"font-family: georgia, serif; color: #008000;\"><b>Retraite d&#8217;\u00e9t\u00e9 ~ Au Coeur de Broc\u00e9liande<\/b><\/span><\/h3>\n<div>\n<div><span style=\"color: #41a827;\"><b><span style=\"font-family: georgia, serif;\">\u00a0<\/span><\/b><\/span><\/div>\n<div><span style=\"color: #808000;\">du vendredi 17 (17h) au Lundi 20 Juillet (17h) 2026<\/span><\/div>\n<div><\/div>\n<div><span style=\"color: #808000;\">A Paimpont<\/span><\/div>\n<\/div>\n<div>\n<div><span style=\"font-family: georgia, serif;\">\u00a0<\/span><\/div>\n<div><\/div>\n<div>\n<p style=\"text-align: center;\"><span style=\"color: #a66724;\"><strong><img loading=\"lazy\" class=\"alignnone size-medium wp-image-2344\" src=\"https:\/\/xn--pranm-yoga-64a.fr\/wp-content\/uploads\/2025\/11\/images-1-1-199x300.jpeg\" alt=\"\" width=\"199\" height=\"300\" srcset=\"https:\/\/xn--pranm-yoga-64a.fr\/wp-content\/uploads\/2025\/11\/images-1-1-199x300.jpeg 199w, https:\/\/xn--pranm-yoga-64a.fr\/wp-content\/uploads\/2025\/11\/images-1-1.jpeg 364w\" sizes=\"(max-width: 199px) 100vw, 199px\" \/><\/strong><\/span><\/p>\n<p>&nbsp;<\/p>\n<p><span style=\"color: #99cc00;\"><strong>L&#8217;Intention<\/strong><\/span><\/p>\n<div>Vivre une parenth\u00e8se enchant\u00e9e sur une terre sacr\u00e9e,<\/div>\n<div>au coeur d&#8217;une for\u00eat l\u00e9gendaire, pour <strong>se ressourcer<\/strong> et <strong>se recharger<\/strong>.<\/div>\n<div>Rencontrer l&#8217;\u00e9nergie du Coeur.<\/div>\n<div>~<\/div>\n<div>Une reconnexion \u00e0 soi, \u00e0 l&#8217;instant pr\u00e9sent, \u00e0 <strong>l&#8217;\u00e9merveillement<\/strong> et \u00e0 <strong>la joie<\/strong>,<\/div>\n<div>par la Nature et la beaut\u00e9 du Vivant.<\/div>\n<div>~<\/div>\n<\/div>\n<div>Une pause, en plein \u00e9t\u00e9, pour <strong>d\u00e9poser<\/strong> les poids et <strong>r\u00e9-enchanter<\/strong> son quotidien! gr\u00e2ce \u00e0 la simplicit\u00e9, la pr\u00e9sence et l&#8217;attention.<\/div>\n<div>\n<div><\/div>\n<\/div>\n<\/div>\n[\/vc_column_text][vc_custom_heading text=&#8221;&#8221; font_container=&#8221;tag:p|font_size:20px|text_align:left|line_height:2em&#8221; use_theme_fonts=&#8221;yes&#8221; css_animation=&#8221;none&#8221;][\/vc_column_inner][\/vc_row_inner][vc_gallery type=&#8221;flickity_static_height_style&#8221; images=&#8221;2020,2023,1664&#8243; flickity_spacing=&#8221;default&#8221; flickity_controls=&#8221;pagination&#8221; flickity_overflow=&#8221;hidden&#8221; flickity_wrap_around=&#8221;wrap&#8221; flickity_box_shadow=&#8221;none&#8221; image_loading=&#8221;default&#8221; onclick=&#8221;link_no&#8221;][\/vc_column][\/vc_row][vc_row type=&#8221;full_width_content&#8221; full_screen_row_position=&#8221;middle&#8221; column_margin=&#8221;70px&#8221; column_direction=&#8221;default&#8221; column_direction_tablet=&#8221;default&#8221; column_direction_phone=&#8221;default&#8221; bg_color=&#8221;#bc9976&#8243; scene_position=&#8221;center&#8221; top_padding=&#8221;2%&#8221; bottom_padding=&#8221;2%&#8221; left_padding_desktop=&#8221;2%&#8221; constrain_group_2=&#8221;yes&#8221; right_padding_desktop=&#8221;2%&#8221; left_padding_phone=&#8221;0&#8243; constrain_group_6=&#8221;yes&#8221; right_padding_phone=&#8221;0&#8243; text_color=&#8221;dark&#8221; text_align=&#8221;left&#8221; row_border_radius=&#8221;10px&#8221; row_border_radius_applies=&#8221;bg&#8221; color_overlay=&#8221;#ffffff&#8221; overlay_strength=&#8221;0.3&#8243; gradient_direction=&#8221;left_to_right&#8221; shape_divider_position=&#8221;bottom&#8221; bg_image_animation=&#8221;none&#8221; shape_type=&#8221;&#8221;][vc_column column_padding=&#8221;padding-2-percent&#8221; column_padding_tablet=&#8221;inherit&#8221; column_padding_phone=&#8221;inherit&#8221; column_padding_position=&#8221;all&#8221; top_margin_phone=&#8221;35&#8243; column_element_spacing=&#8221;default&#8221; background_color=&#8221;#ffffff&#8221; background_color_opacity=&#8221;0.3&#8243; background_color_hover=&#8221;#ffffff&#8221; background_hover_color_opacity=&#8221;1&#8243; column_shadow=&#8221;medium_depth&#8221; column_border_radius=&#8221;10px&#8221; column_link_target=&#8221;_self&#8221; gradient_direction=&#8221;left_to_right&#8221; overlay_strength=&#8221;0.3&#8243; width=&#8221;1\/2&#8243; tablet_width_inherit=&#8221;default&#8221; tablet_text_alignment=&#8221;default&#8221; phone_text_alignment=&#8221;default&#8221; bg_image_animation=&#8221;none&#8221; border_type=&#8221;simple&#8221; column_border_width=&#8221;none&#8221;][vc_column_text]\n<div class=\"x11i5rnm xat24cr x1mh8g0r x1vvkbs xtlvy1s x126k92a\">\n<div dir=\"auto\"><strong><span style=\"color: #b57424;\"><img loading=\"lazy\" class=\"alignnone size-medium wp-image-2345\" src=\"https:\/\/xn--pranm-yoga-64a.fr\/wp-content\/uploads\/2025\/11\/20251109_144942-300x225.jpg\" alt=\"\" width=\"300\" height=\"225\" srcset=\"https:\/\/xn--pranm-yoga-64a.fr\/wp-content\/uploads\/2025\/11\/20251109_144942-300x225.jpg 300w, https:\/\/xn--pranm-yoga-64a.fr\/wp-content\/uploads\/2025\/11\/20251109_144942-1024x768.jpg 1024w, https:\/\/xn--pranm-yoga-64a.fr\/wp-content\/uploads\/2025\/11\/20251109_144942-768x576.jpg 768w, https:\/\/xn--pranm-yoga-64a.fr\/wp-content\/uploads\/2025\/11\/20251109_144942-1536x1152.jpg 1536w, https:\/\/xn--pranm-yoga-64a.fr\/wp-content\/uploads\/2025\/11\/20251109_144942-2048x1536.jpg 2048w\" sizes=\"(max-width: 300px) 100vw, 300px\" \/><\/span><\/strong><\/div>\n<div dir=\"auto\"><\/div>\n<div dir=\"auto\"><\/div>\n<div dir=\"auto\"><span style=\"color: #008000;\"><strong>N<\/strong><strong>otre PROGRAMME :<\/strong><\/span><\/div>\n<\/div>\n<div>\n<div><\/div>\n<ul>\n<li>\u00a0YOGA yin et hatha<\/li>\n<li>Danse du Dragon d&#8217;\u00e9t\u00e9<\/li>\n<li>Espace vibratoire (chant spontan\u00e9 et mantras)<\/li>\n<li>Sophro-balade jusqu&#8217;\u00e0 l&#8217;H\u00f4tier de Viviane et pic-nic en for\u00eat<\/li>\n<li>Pratiques de gratitude et d&#8217;\u00e9merveillement<\/li>\n<li><strong>Balade cont\u00e9e<\/strong> dans le Val Sans Retour, avec <strong>Guillaume<\/strong>, notre guide conteur certifi\u00e9 de la confr\u00e9rie de Broc\u00e9liande<\/li>\n<li>Relaxation avec <strong>Camille<\/strong> Taezi, <strong>Harpiste &amp; chanteuse<\/strong>, \u00e0 la lueur des bougies<\/li>\n<\/ul>\n<p>&nbsp;<\/p>\n<ul>\n<li>et une apr\u00e8s-midi de libre pour d\u00e9couvrir en autonomie d&#8217;autres lieux de cette terre de l\u00e9gendes<\/li>\n<\/ul>\n<p>&nbsp;<\/p>\n<p><strong><span style=\"color: #008000;\">Cette retraite est faite pour VOUS si vous avez besoin de:<\/span><\/strong><\/p>\n<p>-prendre soin de vous, ralentir, vous ressourcer<\/p>\n<p>-d\u00e9charger, soulager, d\u00e9tendre le corps<\/p>\n<p>-apaiser le mental et les \u00e9motions. Retrouver de la clart\u00e9<\/p>\n<p>-cultiver l&#8217;\u00e9merveillement, la joie d&#8217;\u00eatre, la gratitude te la lumi\u00e8re int\u00e9rieure<\/p>\n<p>-vous d\u00e9connecter des r\u00e9seaux, revenir \u00e0 l&#8217;instant pr\u00e9sent, \u00e0 la simplicit\u00e9<\/p>\n<\/div>\n<p>&nbsp;[\/vc_column_text][vc_gallery type=&#8221;flickity_static_height_style&#8221; images=&#8221;2347,2348&#8243; flickity_spacing=&#8221;default&#8221; flickity_controls=&#8221;pagination&#8221; flickity_overflow=&#8221;hidden&#8221; flickity_wrap_around=&#8221;wrap&#8221; flickity_box_shadow=&#8221;none&#8221; image_loading=&#8221;default&#8221; onclick=&#8221;link_no&#8221;][\/vc_column][vc_column column_padding=&#8221;padding-2-percent&#8221; column_padding_tablet=&#8221;inherit&#8221; column_padding_phone=&#8221;inherit&#8221; column_padding_position=&#8221;all&#8221; top_margin_phone=&#8221;35&#8243; column_element_spacing=&#8221;default&#8221; background_color=&#8221;#ffffff&#8221; background_color_opacity=&#8221;0.3&#8243; background_color_hover=&#8221;#ffffff&#8221; background_hover_color_opacity=&#8221;1&#8243; column_shadow=&#8221;medium_depth&#8221; column_border_radius=&#8221;10px&#8221; column_link_target=&#8221;_self&#8221; gradient_direction=&#8221;left_to_right&#8221; overlay_strength=&#8221;0.3&#8243; width=&#8221;1\/2&#8243; tablet_width_inherit=&#8221;default&#8221; tablet_text_alignment=&#8221;default&#8221; phone_text_alignment=&#8221;default&#8221; bg_image_animation=&#8221;none&#8221; border_type=&#8221;simple&#8221; column_border_width=&#8221;none&#8221;][vc_column_text]\n<div>\n<div><span style=\"color: #008000;\"><b>C\u00d4T\u00c9 CUISINE<\/b><\/span><\/div>\n<div><\/div>\n<\/div>\n<div>\n<div>Les repas sont <strong>v\u00e9g\u00e9tariens<\/strong> et principalement <strong>bio<\/strong>!<\/div>\n<div><\/div>\n<div><strong>Les chefs c&#8217;est vous!<\/strong><\/div>\n<div>Chacun(e) offrira un peu de son temps pour pr\u00e9parer, en bin\u00f4me, un repas.<\/div>\n<div><\/div>\n<div>Pour faire simple, \u00e9quilibr\u00e9, gourmand et rapide, j&#8217;ai opt\u00e9 pour des taboul\u00e8s et salades.<\/div>\n<div><\/div>\n<div><span style=\"color: #008000;\">Afin de ne pas d\u00e9penser trop d&#8217;\u00e9nergie dans la digestion, ni de temps \u00e0 table,<\/span><\/div>\n<div>il s&#8217;agira pour <strong>le samedi:<\/strong><\/div>\n<div>d&#8217;un petit d\u00e9jeuner (8h30), d&#8217;un d\u00e9jeuner (13h) et d&#8217;un d\u00eener (19h)<\/div>\n<div><\/div>\n<div>pour <strong>le dimanche:<\/strong><\/div>\n<div>un brunch (10h30) , un go\u00fbter (16h) et un d\u00eener (19h)<\/div>\n<div><\/div>\n<div>et pour <strong>le lundi:<\/strong><\/div>\n<div>un brunch (10h30) et d&#8217;un go\u00fbter (15h30)<\/div>\n<div><\/div>\n<div><\/div>\n<div>Des repas\u00a0<b>sans lactose<\/b>\u00a0et\u00a0<b>sans gluten<\/b>\u00a0sont\u00a0<b>possibles<\/b>.<\/div>\n<div>(signalez le moi!)<\/div>\n<div><\/div>\n<\/div>\n<div>\n<div><\/div>\n<\/div>\n<div><\/div>\n<div>\n<div><span style=\"color: #008000;\"><b>Le LIEU :<\/b><\/span><\/div>\n<div><\/div>\n<div>\n<p>Chez mon p\u00e8re, Philippe, qui a une jolie salle, au calme,<\/p>\n<p><strong>\u00e0 PAIMPONT\u00a0<\/strong>&#8211; au\u00a0coeur\u00a0de la for\u00eat de\u00a0Broc\u00e9liande<\/p>\n<p>(le lieu-dit est entre Paimpont et Camp\u00e9n\u00e9ac)<\/p>\n<p>&nbsp;<\/p>\n<p>A l&#8217;\u00e9tage, il y a 2 dortoirs (lits simples)<\/p>\n<p>et 2 salles de bain + 2 WC<\/p>\n<p>Des toilettes s\u00e8ches sont disponibles \u00e0 l&#8217;ext\u00e9rieur, dans la cour.<\/p>\n<\/div>\n<\/div>\n<div>\n<div><\/div>\n<\/div>\n<div><\/div>\n<div>\n<div><span style=\"color: #229111;\"><b>A DISPOSITION:<\/b><\/span><\/div>\n<div><\/div>\n<div>Tapis, briques, bolsters, coussins pour les yeux, zabuton, zafu<\/div>\n<\/div>\n<div>.<\/div>\n<div>\n<div>\n<p><span style=\"color: #008000;\"><strong>C\u00f4t\u00e9 MASSAGES<\/strong><\/span><\/p>\n<\/div>\n<p>Vous avez la possibilit\u00e9 de recevoir un <b>massage &#8220;l\u00e2cher-prise&#8221;<\/b>,<\/p>\n<p>par <span style=\"color: #008000;\">Vanessa Grandvallet<\/span> &#8211; au tarif de\u00a0<b>65 euros &#8211; 1 heure<\/b>.<\/p>\n<p>Juste en face de la salle de pratique, se trouve un cabinet de soin dans lequel notre masseuse prendra soin de vous!<\/p>\n<p>Informez-moi lors de l&#8217;inscription de votre souhait d&#8217;en prendre un ou pas. Merci!<\/p>\n<\/div>\n<div><\/div>\n<div><\/div>\n<div><\/div>\n<div>\n<div><\/div>\n<div><\/div>\n<div><\/div>\n<\/div>\n[\/vc_column_text][vc_gallery type=&#8221;flickity_static_height_style&#8221; images=&#8221;2349,2350&#8243; flickity_spacing=&#8221;default&#8221; flickity_controls=&#8221;pagination&#8221; flickity_overflow=&#8221;hidden&#8221; flickity_wrap_around=&#8221;wrap&#8221; flickity_box_shadow=&#8221;none&#8221; image_loading=&#8221;default&#8221; onclick=&#8221;link_no&#8221;][\/vc_column][vc_column column_padding=&#8221;padding-2-percent&#8221; column_padding_tablet=&#8221;inherit&#8221; column_padding_phone=&#8221;inherit&#8221; column_padding_position=&#8221;all&#8221; top_margin=&#8221;50&#8243; column_element_spacing=&#8221;default&#8221; centered_text=&#8221;true&#8221; background_color=&#8221;#ffffff&#8221; background_color_opacity=&#8221;0.3&#8243; background_color_hover=&#8221;#ffffff&#8221; background_hover_color_opacity=&#8221;1&#8243; column_shadow=&#8221;medium_depth&#8221; column_border_radius=&#8221;10px&#8221; column_link_target=&#8221;_self&#8221; gradient_direction=&#8221;left_to_right&#8221; overlay_strength=&#8221;0.3&#8243; width=&#8221;1\/1&#8243; tablet_width_inherit=&#8221;default&#8221; tablet_text_alignment=&#8221;default&#8221; phone_text_alignment=&#8221;default&#8221; bg_image_animation=&#8221;none&#8221; border_type=&#8221;simple&#8221; column_border_width=&#8221;none&#8221;][vc_column_text]\n<div>\n<div style=\"text-align: center;\"><span style=\"color: #008000;\"><b>C\u00d4T\u00c9 TARIF:<\/b><\/span><\/div>\n<\/div>\n<div>\n<div style=\"text-align: center;\">\n<p><span style=\"color: #000000;\"><strong>430 euros<\/strong><\/span><\/p>\n<p>pour 3 nuits et 3 jours pleins<\/p>\n<p>~<\/p>\n<p><span style=\"color: #008000;\"><strong>POUR S&#8217;INSCRIRE:<\/strong><\/span><\/p>\n<p>Un virement d&#8217;acompte\u00a0<b>de 160\u20ac<\/b>\u00a0est demand\u00e9.<\/p>\n<p>A r\u00e9ception, votre inscription est valid\u00e9e!<\/p>\n<p>Le reste sera \u00e0 r\u00e9gler directement sur place.<\/p>\n<p>(Si jamais, vous ne pouvez pas rester le lundi, et devez repartir le dimanche soir, contactez-moi, pour que nous puissions en discuter!)<\/p>\n<p>&nbsp;<\/p>\n<p><b>Cercle de 9 personnes<\/b><\/p>\n<p>(+ moi)<\/p>\n<p>J&#8217;enverrai un\u00a0<b>mail commun<\/b>\u00a0d\u00e8s que notre Cercle sera<b>\u00a0form\u00e9\u00a0<\/b><\/p>\n<p>pour donner les\u00a0<b>derniers<\/b>\u00a0<b>d\u00e9tails.<\/b><\/p>\n<\/div>\n<\/div>\n<div style=\"text-align: center;\"><\/div>\n<div>\n<div style=\"text-align: center;\"><\/div>\n<div style=\"text-align: center;\">&#8230; &#8230; &#8230;<\/div>\n<div style=\"text-align: center;\"><\/div>\n<div style=\"text-align: center;\">Je suis \u00e0 votre disposition si vous avez des questions!<\/div>\n<div style=\"text-align: center;\"><\/div>\n<div style=\"text-align: center;\"><\/div>\n<div style=\"text-align: center;\">Dans la joie de vivre cette -derni\u00e8re- retraite Au Coeur de Broc\u00e9liande ensemble !<\/div>\n<\/div>\n<div style=\"text-align: center;\"><\/div>\n<div><\/div>\n<div>\n<div style=\"text-align: center;\">\u00d4m Shanti<\/div>\n<div style=\"text-align: center;\">Dans la Paix du Coeur<\/div>\n<div>\n<div><\/div>\n<\/div>\n<\/div>\n<div><\/div>\n<div><\/div>\n<div>\n<div>\n<div>Johanna<\/div>\n<\/div>\n<\/div>\n[\/vc_column_text][vc_gallery type=&#8221;flickity_static_height_style&#8221; images=&#8221;2351&#8243; flickity_spacing=&#8221;default&#8221; flickity_controls=&#8221;pagination&#8221; flickity_overflow=&#8221;hidden&#8221; flickity_wrap_around=&#8221;wrap&#8221; flickity_box_shadow=&#8221;none&#8221; image_loading=&#8221;default&#8221; onclick=&#8221;link_no&#8221;][vc_gallery type=&#8221;flickity_static_height_style&#8221; images=&#8221;2152,2155,2203,2024,2022&#8243; flickity_spacing=&#8221;default&#8221; flickity_controls=&#8221;pagination&#8221; flickity_overflow=&#8221;hidden&#8221; flickity_wrap_around=&#8221;wrap&#8221; flickity_box_shadow=&#8221;none&#8221; image_loading=&#8221;default&#8221; onclick=&#8221;link_no&#8221;][\/vc_column][vc_column column_padding=&#8221;no-extra-padding&#8221; column_padding_tablet=&#8221;inherit&#8221; column_padding_phone=&#8221;inherit&#8221; column_padding_position=&#8221;all&#8221; column_element_spacing=&#8221;default&#8221; background_color_opacity=&#8221;1&#8243; background_hover_color_opacity=&#8221;1&#8243; column_shadow=&#8221;none&#8221; column_border_radius=&#8221;none&#8221; column_link_target=&#8221;_self&#8221; gradient_direction=&#8221;left_to_right&#8221; overlay_strength=&#8221;0.3&#8243; width=&#8221;1\/1&#8243; tablet_width_inherit=&#8221;default&#8221; tablet_text_alignment=&#8221;default&#8221; phone_text_alignment=&#8221;default&#8221; bg_image_animation=&#8221;none&#8221; border_type=&#8221;simple&#8221; column_border_width=&#8221;none&#8221; column_border_style=&#8221;solid&#8221;]\t\t\t\t\r\n\t\t\t\t\r\n\t\t\t\t\r\n\t\t\t\t<div class=\"portfolio-wrap \">\r\n\t\t\t\t\t\r\n\t\t\t\t\t\t\t\t\t\t\r\n\t\t\t\t\t<span class=\"portfolio-loading  none\">   <\/span>\r\n\t\t\t\t\t\r\n\t\t\t\t\t\t\t\t\t\t\r\n\t\t\t\t\t<div class=\"row portfolio-items no-masonry  \" data-rcp=\"false\" data-masonry-type=\"photography\" data-ps=\"1\" data-starting-filter=\"\" data-gutter=\"default\" data-categories-to-show=\"\" data-bypass-cropping=\"\" data-lightbox-only=\"0\" data-col-num=\"cols-4\">\r\n\t\t\t\t\t\t\t\t\t\t\t\r\n\t\t\t\t<\/div><!--\/portfolio-->\r\n\t\t\t<\/div><!--\/portfolio wrap-->\r\n\t\t\t\r\n\t\t\t[\/vc_column][\/vc_row]\n","protected":false},"excerpt":{"rendered":"<p>[vc_row type=&#8221;in_container&#8221; full_screen_row_position=&#8221;middle&#8221; column_margin=&#8221;default&#8221; column_direction=&#8221;default&#8221; column_direction_tablet=&#8221;default&#8221; column_direction_phone=&#8221;default&#8221; bg_color=&#8221;#3ca339&#8243; scene_position=&#8221;center&#8221; text_color=&#8221;dark&#8221; text_align=&#8221;left&#8221; row_border_radius=&#8221;none&#8221; row_border_radius_applies=&#8221;bg&#8221; overlay_strength=&#8221;0.3&#8243; gradient_direction=&#8221;left_to_right&#8221; shape_divider_position=&#8221;bottom&#8221; bg_image_animation=&#8221;none&#8221; shape_type=&#8221;&#8221;][vc_column column_padding=&#8221;no-extra-padding&#8221; column_padding_tablet=&#8221;inherit&#8221; column_padding_phone=&#8221;inherit&#8221; column_padding_position=&#8221;all&#8221; column_element_spacing=&#8221;default&#8221; background_color_opacity=&#8221;1&#8243; background_hover_color_opacity=&#8221;1&#8243; column_shadow=&#8221;none&#8221; column_border_radius=&#8221;none&#8221; column_link_target=&#8221;_self&#8221; gradient_direction=&#8221;left_to_right&#8221; overlay_strength=&#8221;0.3&#8243;&#8230;<\/p>\n","protected":false},"author":1,"featured_media":0,"parent":0,"menu_order":0,"comment_status":"closed","ping_status":"closed","template":"","meta":[],"_links":{"self":[{"href":"https:\/\/xn--pranm-yoga-64a.fr\/index.php\/wp-json\/wp\/v2\/pages\/1510"}],"collection":[{"href":"https:\/\/xn--pranm-yoga-64a.fr\/index.php\/wp-json\/wp\/v2\/pages"}],"about":[{"href":"https:\/\/xn--pranm-yoga-64a.fr\/index.php\/wp-json\/wp\/v2\/types\/page"}],"author":[{"embeddable":true,"href":"https:\/\/xn--pranm-yoga-64a.fr\/index.php\/wp-json\/wp\/v2\/users\/1"}],"replies":[{"embeddable":true,"href":"https:\/\/xn--pranm-yoga-64a.fr\/index.php\/wp-json\/wp\/v2\/comments?post=1510"}],"version-history":[{"count":71,"href":"https:\/\/xn--pranm-yoga-64a.fr\/index.php\/wp-json\/wp\/v2\/pages\/1510\/revisions"}],"predecessor-version":[{"id":2416,"href":"https:\/\/xn--pranm-yoga-64a.fr\/index.php\/wp-json\/wp\/v2\/pages\/1510\/revisions\/2416"}],"wp:attachment":[{"href":"https:\/\/xn--pranm-yoga-64a.fr\/index.php\/wp-json\/wp\/v2\/media?parent=1510"}],"curies":[{"name":"wp","href":"https:\/\/api.w.org\/{rel}","templated":true}]}}