{"id":1940,"date":"2024-06-22T21:16:23","date_gmt":"2024-06-22T19:16:23","guid":{"rendered":"https:\/\/xn--pranm-yoga-64a.fr\/?page_id=1940"},"modified":"2025-11-13T13:59:26","modified_gmt":"2025-11-13T12:59:26","slug":"week-end-4","status":"publish","type":"page","link":"https:\/\/xn--pranm-yoga-64a.fr\/index.php\/week-end-4\/","title":{"rendered":"Week-end 4"},"content":{"rendered":"[vc_row type=&#8221;in_container&#8221; full_screen_row_position=&#8221;middle&#8221; column_margin=&#8221;default&#8221; column_direction=&#8221;default&#8221; column_direction_tablet=&#8221;default&#8221; column_direction_phone=&#8221;default&#8221; scene_position=&#8221;center&#8221; text_color=&#8221;dark&#8221; text_align=&#8221;left&#8221; row_border_radius=&#8221;none&#8221; row_border_radius_applies=&#8221;bg&#8221; overlay_strength=&#8221;0.3&#8243; gradient_direction=&#8221;left_to_right&#8221; shape_divider_position=&#8221;bottom&#8221; bg_image_animation=&#8221;none&#8221;][vc_column column_padding=&#8221;no-extra-padding&#8221; column_padding_tablet=&#8221;inherit&#8221; column_padding_phone=&#8221;inherit&#8221; column_padding_position=&#8221;all&#8221; column_element_spacing=&#8221;default&#8221; background_color_opacity=&#8221;1&#8243; background_hover_color_opacity=&#8221;1&#8243; column_shadow=&#8221;none&#8221; column_border_radius=&#8221;none&#8221; column_link_target=&#8221;_self&#8221; gradient_direction=&#8221;left_to_right&#8221; overlay_strength=&#8221;0.3&#8243; width=&#8221;1\/1&#8243; tablet_width_inherit=&#8221;default&#8221; tablet_text_alignment=&#8221;default&#8221; phone_text_alignment=&#8221;default&#8221; bg_image_animation=&#8221;none&#8221; border_type=&#8221;simple&#8221; column_border_width=&#8221;none&#8221; column_border_style=&#8221;solid&#8221;][nectar_highlighted_text color_type=&#8221;regular&#8221; style=&#8221;full_text&#8221; highlight_expansion=&#8221;default&#8221;]\n<h2 style=\"text-align: center;\">Les d\u00e9tails<\/h2>\n[\/nectar_highlighted_text][\/vc_column][\/vc_row][vc_row type=&#8221;full_width_content&#8221; full_screen_row_position=&#8221;middle&#8221; column_margin=&#8221;default&#8221; equal_height=&#8221;yes&#8221; content_placement=&#8221;top&#8221; column_direction=&#8221;default&#8221; column_direction_tablet=&#8221;default&#8221; column_direction_phone=&#8221;default&#8221; bg_color=&#8221;#ffffff&#8221; scene_position=&#8221;center&#8221; top_padding=&#8221;0&#8243; constrain_group_1=&#8221;yes&#8221; bottom_padding=&#8221;0&#8243; left_padding_desktop=&#8221;2%&#8221; constrain_group_2=&#8221;yes&#8221; right_padding_desktop=&#8221;2%&#8221; top_padding_tablet=&#8221;8%&#8221; bottom_padding_tablet=&#8221;8%&#8221; text_color=&#8221;dark&#8221; text_align=&#8221;left&#8221; row_border_radius=&#8221;none&#8221; row_border_radius_applies=&#8221;bg&#8221; id=&#8221;home&#8221; overlay_strength=&#8221;0.5&#8243; gradient_direction=&#8221;top_to_bottom&#8221; shape_divider_position=&#8221;bottom&#8221; bg_image_animation=&#8221;none&#8221; shape_type=&#8221;straight_section&#8221;][vc_column column_padding=&#8221;no-extra-padding&#8221; column_padding_tablet=&#8221;inherit&#8221; column_padding_phone=&#8221;inherit&#8221; column_padding_position=&#8221;all&#8221; left_margin_tablet=&#8221;auto&#8221; right_margin_tablet=&#8221;auto&#8221; top_margin_phone=&#8221;-40&#8243; left_margin_phone=&#8221;auto&#8221; right_margin_phone=&#8221;auto&#8221; column_element_spacing=&#8221;default&#8221; background_color_opacity=&#8221;1&#8243; background_hover_color_opacity=&#8221;1&#8243; column_shadow=&#8221;none&#8221; column_border_radius=&#8221;none&#8221; column_link_target=&#8221;_self&#8221; max_width_tablet=&#8221;600&#8243; max_width_phone=&#8221;420px&#8221; gradient_direction=&#8221;left_to_right&#8221; overlay_strength=&#8221;0.5&#8243; width=&#8221;1\/2&#8243; tablet_width_inherit=&#8221;default&#8221; tablet_text_alignment=&#8221;default&#8221; phone_text_alignment=&#8221;default&#8221; bg_image_animation=&#8221;none&#8221; border_type=&#8221;simple&#8221; column_border_width=&#8221;none&#8221; column_border_style=&#8221;solid&#8221; offset=&#8221;vc_col-xs-12&#8243;][vc_row_inner column_margin=&#8221;default&#8221; column_direction=&#8221;default&#8221; column_direction_tablet=&#8221;default&#8221; column_direction_phone=&#8221;default&#8221; text_align=&#8221;left&#8221;][vc_column_inner column_padding=&#8221;no-extra-padding&#8221; column_padding_tablet=&#8221;inherit&#8221; column_padding_phone=&#8221;inherit&#8221; column_padding_position=&#8221;all&#8221; column_element_spacing=&#8221;default&#8221; background_color_opacity=&#8221;1&#8243; background_hover_color_opacity=&#8221;1&#8243; background_image=&#8221;2253&#8243; background_image_position=&#8221;center center&#8221; enable_bg_scale=&#8221;true&#8221; background_image_loading=&#8221;default&#8221; column_shadow=&#8221;none&#8221; column_border_radius=&#8221;none&#8221; column_link_target=&#8221;_self&#8221; gradient_direction=&#8221;left_to_right&#8221; overlay_strength=&#8221;0.5&#8243; width=&#8221;1\/1&#8243; tablet_width_inherit=&#8221;default&#8221; bg_image_animation=&#8221;ro-reveal-from-left&#8221; border_type=&#8221;simple&#8221; column_border_width=&#8221;none&#8221; column_border_style=&#8221;solid&#8221;][divider line_type=&#8221;No Line&#8221; custom_height=&#8221;135vh&#8221; custom_height_tablet=&#8221;40vh&#8221; custom_height_phone=&#8221;300px&#8221;][\/vc_column_inner][\/vc_row_inner][\/vc_column][vc_column column_padding=&#8221;padding-7-percent&#8221; column_padding_tablet=&#8221;no-extra-padding&#8221; column_padding_phone=&#8221;no-extra-padding&#8221; column_padding_position=&#8221;left-right&#8221; top_margin_tablet=&#8221;40&#8243; left_margin_tablet=&#8221;auto&#8221; right_margin_tablet=&#8221;auto&#8221; left_margin_phone=&#8221;auto&#8221; right_margin_phone=&#8221;auto&#8221; column_element_spacing=&#8221;default&#8221; background_color_opacity=&#8221;1&#8243; background_hover_color_opacity=&#8221;1&#8243; column_shadow=&#8221;none&#8221; column_border_radius=&#8221;none&#8221; column_link_target=&#8221;_self&#8221; max_width_desktop=&#8221;1000px&#8221; max_width_tablet=&#8221;600px&#8221; max_width_phone=&#8221;420px&#8221; zindex=&#8221;100&#8243; gradient_direction=&#8221;left_t_to_right_b&#8221; overlay_strength=&#8221;0.3&#8243; width=&#8221;1\/2&#8243; tablet_width_inherit=&#8221;default&#8221; tablet_text_alignment=&#8221;default&#8221; phone_text_alignment=&#8221;default&#8221; bg_image_animation=&#8221;none&#8221; border_type=&#8221;simple&#8221; column_border_width=&#8221;none&#8221; column_border_style=&#8221;solid&#8221; offset=&#8221;vc_col-xs-12&#8243;][vc_row_inner column_margin=&#8221;40px&#8221; column_direction=&#8221;default&#8221; column_direction_tablet=&#8221;default&#8221; column_direction_phone=&#8221;default&#8221; text_align=&#8221;left&#8221; min_width=&#8221;47vh&#8221;][vc_column_inner column_padding=&#8221;no-extra-padding&#8221; column_padding_tablet=&#8221;inherit&#8221; column_padding_phone=&#8221;inherit&#8221; column_padding_position=&#8221;all&#8221; column_element_spacing=&#8221;default&#8221; background_color_opacity=&#8221;1&#8243; background_hover_color_opacity=&#8221;1&#8243; column_shadow=&#8221;none&#8221; column_border_radius=&#8221;none&#8221; column_link_target=&#8221;_self&#8221; gradient_direction=&#8221;left_to_right&#8221; overlay_strength=&#8221;0.3&#8243; width=&#8221;1\/1&#8243; tablet_width_inherit=&#8221;default&#8221; bg_image_animation=&#8221;none&#8221; enable_animation=&#8221;true&#8221; animation=&#8221;fade-in-from-bottom&#8221; border_type=&#8221;simple&#8221; column_border_width=&#8221;none&#8221; column_border_style=&#8221;solid&#8221; enable_border_animation=&#8221;true&#8221;][vc_column_text css_animation=&#8221;none&#8221; css=&#8221;.vc_custom_1762869793366{margin-bottom: 20px !important;}&#8221;]\n<h3><span style=\"color: #333399;\"><strong>Retraite ~ RESSOURCE ~<\/strong><\/span><\/h3>\n<div><span style=\"color: #003366;\"><em>Chemin &amp; Rencontre avec le Refuge int\u00e9rieur<\/em><\/span><\/div>\n<div><\/div>\n<div><span style=\"color: #993300;\"><strong>Du vendredi 9 (17h) au dimanche 11 (17h) Octobre 2026<\/strong><\/span><\/div>\n<div><\/div>\n<div><span style=\"color: #003366;\">\u00e0 l&#8217;Arbre Aux \u00e9toile &#8211; \u00e9co-lieu au service du Vivant<\/span><\/div>\n<div><span style=\"color: #003366;\">Fatouville-Grestain (proche Honfleur) &#8211; NORMANDIE<\/span><\/div>\n<div><\/div>\n<div>.<\/div>\n<div>\n<p><span style=\"color: #003366;\"><strong>L\u2019Intention<\/strong><\/span><\/p>\n<div>En 3 mots:<\/div>\n<div><\/div>\n<div><span style=\"color: #003366;\"><b>REPOS \u2013 REGULATION \u2013 REGENERATION<\/b><\/span><\/div>\n<div><\/div>\n<div><\/div>\n<div>C\u2019est l\u2019Automne! L\u2019\u00e9nergie redescend vers la Terre, dans les racines,\u00a0<b>l\u2019ancrage<\/b>\u2026<\/div>\n<div>La Nature nous Appelle\u00a0<b>au dedans<\/b>; prendre Soin de l\u2019Invisible en nous<\/div>\n<div>et d\u00e9couvrir le\u00a0<b>Refuge<\/b>.<\/div>\n<div>Cet Endroit de\u00a0<b>Bien-\u00eatre<\/b>, aupr\u00e8s duquel nous pouvons (toujours) revenir<\/div>\n<div>\u2026<\/div>\n<div><\/div>\n<div>Pour beaucoup d\u2019entre nous, lorsque<b>\u00a0l\u2019\u00e9motion-l\u2019\u00e9tat d\u00e9sagr\u00e9able<\/b>\u00a0se fait entendre,<\/div>\n<div>l\u2019id\u00e9e m\u00eame de tourner l\u2019attention vers le monde int\u00e9rieur, pour la\/le rencontrer,<\/div>\n<div>est\u00a0<span class=\"il\">source<\/span>\u00a0de\u00a0<b>crainte<\/b>,<\/div>\n<div>et ne sachant qu\u2019en faire, nous pr\u00e9f\u00e9rons nous\u00a0<b>d\u00e9connecter<\/b>, nous divertir, fuir.<\/div>\n<div><\/div>\n<div>Pr\u00e9tendant ni entendre, ni sentir, nous esp\u00e9rons, vainement, \u00eatre lib\u00e9r\u00e9 de la sensation (et vite!)<\/div>\n<div>sans avoir eu \u00e0 s\u2019en occuper.<\/div>\n<div>Ce qui est, disons le, plut\u00f4t inefficace car: l\u2019\u00e9motion revient, souvent plus forte ou chronique<\/div>\n<div>et nous pouvons nous sentir d\u2019autant plus d\u00e9bord\u00e9 ou d\u00e9courag\u00e9.<\/div>\n<div><\/div>\n<div>Pourtant, il existe des chemins,\u00a0<b>s\u00e9cures<\/b>, de retour vers l\u2019int\u00e9rieur, de re-connection,<\/div>\n<div>qui permettent la\u00a0<b>r\u00e9gulation<\/b>\u00a0de l\u2019intensit\u00e9 v\u00e9cue<\/div>\n<div>et ram\u00e8ne de l\u2019<b>aisance<\/b>, de la\u00a0<b>r\u00e9silience<\/b>\u00a0et de l\u2019<b>harmonie<\/b><\/div>\n<div>dans la mani\u00e8re de se vivre et de naviguer dans le quotidien.<\/div>\n<div><\/div>\n<div>Et c\u2019est ce que cette retraite vous propose d\u2019exp\u00e9rimenter!<\/div>\n<div>par l<b>\u2018auto-r\u00e9gulation et la co-r\u00e9gulation<\/b>.<\/div>\n<div><\/div>\n<div>_____<\/div>\n<div><\/div>\n<div>\u00a0Ecoute de soi, apaisement et compr\u00e9hension<\/div>\n<div>du\u00a0<b>Syst\u00e8me Nerveux Autonome<\/b>, des \u00e9motions<\/div>\n<div>et des chemins de retour \u00e0 la\u00a0<b>s\u00e9curit\u00e9<\/b>.<\/div>\n<div><\/div>\n<div>Prendre conscience de ses\u00a0<b><span class=\"il\">ressources<\/span><\/b>\u00a0pour retrouver\u00a0<b>calme<\/b>\u00a0et\u00a0<b>\u00e9quilibre<\/b><\/div>\n<div>au quotidien.<\/div>\n<\/div>\n[\/vc_column_text][vc_custom_heading text=&#8221;&#8221; font_container=&#8221;tag:p|font_size:20px|text_align:left|line_height:2em&#8221; use_theme_fonts=&#8221;yes&#8221; css_animation=&#8221;none&#8221;][\/vc_column_inner][\/vc_row_inner][\/vc_column][vc_column column_padding=&#8221;padding-2-percent&#8221; column_padding_tablet=&#8221;inherit&#8221; column_padding_phone=&#8221;inherit&#8221; column_padding_position=&#8221;all&#8221; column_element_spacing=&#8221;default&#8221; centered_text=&#8221;true&#8221; background_color_opacity=&#8221;1&#8243; background_hover_color_opacity=&#8221;1&#8243; column_shadow=&#8221;none&#8221; column_border_radius=&#8221;none&#8221; column_link_target=&#8221;_self&#8221; gradient_direction=&#8221;left_to_right&#8221; overlay_strength=&#8221;0.3&#8243; width=&#8221;1\/1&#8243; tablet_width_inherit=&#8221;default&#8221; tablet_text_alignment=&#8221;default&#8221; phone_text_alignment=&#8221;default&#8221; bg_image_animation=&#8221;none&#8221; border_type=&#8221;simple&#8221; column_border_width=&#8221;none&#8221; column_border_style=&#8221;solid&#8221;][vc_column_text]\n<h3 style=\"text-align: center;\"><strong><span style=\"color: #b57424;\"><img loading=\"lazy\" class=\"alignnone size-medium wp-image-2313\" src=\"https:\/\/xn--pranm-yoga-64a.fr\/wp-content\/uploads\/2025\/11\/S2C8653-300x200.jpg\" alt=\"\" width=\"300\" height=\"200\" srcset=\"https:\/\/xn--pranm-yoga-64a.fr\/wp-content\/uploads\/2025\/11\/S2C8653-300x200.jpg 300w, https:\/\/xn--pranm-yoga-64a.fr\/wp-content\/uploads\/2025\/11\/S2C8653-1024x683.jpg 1024w, https:\/\/xn--pranm-yoga-64a.fr\/wp-content\/uploads\/2025\/11\/S2C8653-768x512.jpg 768w, https:\/\/xn--pranm-yoga-64a.fr\/wp-content\/uploads\/2025\/11\/S2C8653-900x600.jpg 900w, https:\/\/xn--pranm-yoga-64a.fr\/wp-content\/uploads\/2025\/11\/S2C8653-675x450.jpg 675w, https:\/\/xn--pranm-yoga-64a.fr\/wp-content\/uploads\/2025\/11\/S2C8653.jpg 1333w\" sizes=\"(max-width: 300px) 100vw, 300px\" \/><\/span><\/strong><\/h3>\n<h3 style=\"text-align: center;\"><strong><span style=\"color: #b57424;\">Notre PROGRAMME :<\/span><\/strong><\/h3>\n<div>\n<ul style=\"text-align: left;\">\n<li>\u00a0Yin Yoga, accompagn\u00e9 par Fabien, au Handpan &amp; bols tib\u00e9tains<\/li>\n<li>Restauratif yoga (x2)<\/li>\n<li>Hatha yoga &amp; Mouvements doux<\/li>\n<li>Atelier: compr\u00e9hension du Syst\u00e8me Nerveux<\/li>\n<li>Atelier sur les types d&#8217;attachements<\/li>\n<li>Respiration &amp; pratiques de r\u00e9gulation du Syst\u00e8me Nerveux<\/li>\n<li>Marche consciente<\/li>\n<li>Chant d&#8217;un (m\u00eame) mantra avant chaque pratique<\/li>\n<li><span style=\"color: #000080;\">Relaxation \u00e0 la bougie avec la divine harpiste chanteuse Camille Taezi<\/span><\/li>\n<\/ul>\n<p>&nbsp;<\/p>\n<ul style=\"text-align: left;\">\n<li>Temps libre \/ jolies balades \u00e0 faire en autonomie<\/li>\n<\/ul>\n<p>&nbsp;<\/p>\n<p style=\"text-align: center;\">et 1 bain scandinave en ext\u00e9rieur\u00a0 !<\/p>\n<\/div>\n<div>\n<p>&nbsp;<\/p>\n<\/div>\n<div>\n<h3><strong><span style=\"color: #333399;\"><img loading=\"lazy\" class=\"alignnone size-medium wp-image-2314\" src=\"https:\/\/xn--pranm-yoga-64a.fr\/wp-content\/uploads\/2025\/11\/Celine-et-Yann-de-Naiade-Plante-5209-Copie-300x200.jpg\" alt=\"\" width=\"300\" height=\"200\" srcset=\"https:\/\/xn--pranm-yoga-64a.fr\/wp-content\/uploads\/2025\/11\/Celine-et-Yann-de-Naiade-Plante-5209-Copie-300x200.jpg 300w, https:\/\/xn--pranm-yoga-64a.fr\/wp-content\/uploads\/2025\/11\/Celine-et-Yann-de-Naiade-Plante-5209-Copie-1024x683.jpg 1024w, https:\/\/xn--pranm-yoga-64a.fr\/wp-content\/uploads\/2025\/11\/Celine-et-Yann-de-Naiade-Plante-5209-Copie-768x512.jpg 768w, https:\/\/xn--pranm-yoga-64a.fr\/wp-content\/uploads\/2025\/11\/Celine-et-Yann-de-Naiade-Plante-5209-Copie-900x600.jpg 900w, https:\/\/xn--pranm-yoga-64a.fr\/wp-content\/uploads\/2025\/11\/Celine-et-Yann-de-Naiade-Plante-5209-Copie-675x450.jpg 675w, https:\/\/xn--pranm-yoga-64a.fr\/wp-content\/uploads\/2025\/11\/Celine-et-Yann-de-Naiade-Plante-5209-Copie.jpg 1080w\" sizes=\"(max-width: 300px) 100vw, 300px\" \/><\/span><\/strong><\/h3>\n<p><img loading=\"lazy\" class=\"size-medium wp-image-2315\" src=\"https:\/\/xn--pranm-yoga-64a.fr\/wp-content\/uploads\/2025\/11\/IMG_20211111_130715_1_edit_106689968374345-300x193.jpg\" alt=\"\" width=\"300\" height=\"193\" srcset=\"https:\/\/xn--pranm-yoga-64a.fr\/wp-content\/uploads\/2025\/11\/IMG_20211111_130715_1_edit_106689968374345-300x193.jpg 300w, https:\/\/xn--pranm-yoga-64a.fr\/wp-content\/uploads\/2025\/11\/IMG_20211111_130715_1_edit_106689968374345-1024x660.jpg 1024w, https:\/\/xn--pranm-yoga-64a.fr\/wp-content\/uploads\/2025\/11\/IMG_20211111_130715_1_edit_106689968374345-768x495.jpg 768w, https:\/\/xn--pranm-yoga-64a.fr\/wp-content\/uploads\/2025\/11\/IMG_20211111_130715_1_edit_106689968374345-1536x990.jpg 1536w, https:\/\/xn--pranm-yoga-64a.fr\/wp-content\/uploads\/2025\/11\/IMG_20211111_130715_1_edit_106689968374345-2048x1320.jpg 2048w\" sizes=\"(max-width: 300px) 100vw, 300px\" \/><\/p>\n<h3><strong><span style=\"color: #333399;\">Les Repas<\/span><\/strong><\/h3>\n<p>L&#8217;Arbre aux Etoiles attache une importance toute particuli\u00e8re \u00e0 la qualit\u00e9 des repas, tant au niveau de la qualit\u00e9 des produits utilis\u00e9s, que de la beaut\u00e9 des plats ou de l\u2019amour mis dans leur pr\u00e9paration.<\/p>\n<p>Ce sont <strong>C\u00e9line, naturopathe et di\u00e9t\u00e9ticienne<\/strong> passionn\u00e9e de cuisine saine et gourmande, et son compagnon <strong>Yann, passionn\u00e9 de permaculture<\/strong>, cultivant<br \/>\nquelques l\u00e9gumes chez eux, qui cuisineront pour nous lors de cette retraite!<\/p>\n<p>Repas v\u00e9g\u00e9tariens: Brunch, go\u00fbter et d\u00eener.<\/p>\n<\/div>\n<h3><\/h3>\n<div>\n<h3 style=\"text-align: center;\"><span style=\"color: #333399;\"><strong><u><img loading=\"lazy\" class=\"alignnone size-medium wp-image-2316\" src=\"https:\/\/xn--pranm-yoga-64a.fr\/wp-content\/uploads\/2025\/11\/Panorama-proche-2-300x209.jpg\" alt=\"\" width=\"300\" height=\"209\" srcset=\"https:\/\/xn--pranm-yoga-64a.fr\/wp-content\/uploads\/2025\/11\/Panorama-proche-2-300x209.jpg 300w, https:\/\/xn--pranm-yoga-64a.fr\/wp-content\/uploads\/2025\/11\/Panorama-proche-2-1024x714.jpg 1024w, https:\/\/xn--pranm-yoga-64a.fr\/wp-content\/uploads\/2025\/11\/Panorama-proche-2-768x535.jpg 768w, https:\/\/xn--pranm-yoga-64a.fr\/wp-content\/uploads\/2025\/11\/Panorama-proche-2.jpg 1080w\" sizes=\"(max-width: 300px) 100vw, 300px\" \/><\/u><\/strong><\/span><\/h3>\n<h3 style=\"text-align: center;\"><span style=\"color: #333399;\"><strong><u>Le Lieu:<\/u><\/strong><\/span><\/h3>\n<div>L\u2019Arbre aux \u00e9toiles est un \u00e9co-lieu qui s\u2019inscrit dans une dynamique de renouveau soci\u00e9tal et environnemental.<\/div>\n<div>.<\/div>\n<div><\/div>\n<div><span style=\"color: #993300;\">A DISPOSITION:<\/span><\/div>\n<div>tapis de yoga, coussin de m\u00e9ditation, coussin pour les yeux, sacs d&#8217;ancrage, bolsters, couvertures lest\u00e9es.<\/div>\n<\/div>\n<div>.<\/div>\n<div>\n<div><\/div>\n<div><span style=\"color: #993300;\">ADRESSE:<\/span><\/div>\n<div>168 impasse d&#8217;Aumale &#8211; Le Feugr\u00e9<\/div>\n<div>27210 Fatouville-Grestain<\/div>\n<div>(Normandie \u00e0 9 km de Honfleur)<\/div>\n<\/div>\n<div><\/div>\n<div><span style=\"color: #993300;\">Le site: <\/span>https:\/\/www.larbreauxetoiles.fr\/raison-d-etre\/<\/div>\n<div><\/div>\n<div><\/div>\n<div>A\u00a0 2h du Mans<\/div>\n<div>A\u00a0 2h35 de Rennes<\/div>\n<div>A\u00a0 3h de Paimpont<\/div>\n<div>A\u00a0 3h de Vend\u00f4me<\/div>\n<div>\n<div><\/div>\n<\/div>\n<div><\/div>\n<div>\n<div><img loading=\"lazy\" class=\"alignnone size-medium wp-image-2317\" src=\"https:\/\/xn--pranm-yoga-64a.fr\/wp-content\/uploads\/2025\/11\/S2C8292R-300x200.jpg\" alt=\"\" width=\"300\" height=\"200\" srcset=\"https:\/\/xn--pranm-yoga-64a.fr\/wp-content\/uploads\/2025\/11\/S2C8292R-300x200.jpg 300w, https:\/\/xn--pranm-yoga-64a.fr\/wp-content\/uploads\/2025\/11\/S2C8292R-1024x682.jpg 1024w, https:\/\/xn--pranm-yoga-64a.fr\/wp-content\/uploads\/2025\/11\/S2C8292R-768x512.jpg 768w, https:\/\/xn--pranm-yoga-64a.fr\/wp-content\/uploads\/2025\/11\/S2C8292R-1536x1024.jpg 1536w, https:\/\/xn--pranm-yoga-64a.fr\/wp-content\/uploads\/2025\/11\/S2C8292R-900x600.jpg 900w, https:\/\/xn--pranm-yoga-64a.fr\/wp-content\/uploads\/2025\/11\/S2C8292R-675x450.jpg 675w, https:\/\/xn--pranm-yoga-64a.fr\/wp-content\/uploads\/2025\/11\/S2C8292R.jpg 2000w\" sizes=\"(max-width: 300px) 100vw, 300px\" \/><\/div>\n<\/div>\n<h3><strong><span style=\"color: #333399;\">Les Chambres<\/span><\/strong><\/h3>\n<div>7 chambres (b\u00e2timent en pierre ancienne et bois \u00e9co-construit), dont les noms ont \u00e9t\u00e9 donn\u00e9 d\u2019apr\u00e8s les signes astrologiques celtes qui combinent une constellation et un arbre.<\/div>\n<div><\/div>\n<div><\/div>\n<div><\/div>\n<div><span style=\"color: #000080;\"><strong>En option !<\/strong><\/span><\/div>\n<div><span style=\"color: #000080;\"> (ceci n&#8217;est pas inclus dans le tarif de la retraite)<\/span><\/div>\n<div>&#8211; Massage ayurv\u00e9dique: 80 euros<\/div>\n<div>&#8211; Shiatsu : 80 euros<\/div>\n<div><\/div>\n<h3 style=\"text-align: center;\"><span style=\"color: #333399;\"><strong><u><img loading=\"lazy\" class=\"alignnone size-medium wp-image-2319\" src=\"https:\/\/xn--pranm-yoga-64a.fr\/wp-content\/uploads\/2025\/11\/espace-interieur-2-300x200.jpg\" alt=\"\" width=\"300\" height=\"200\" srcset=\"https:\/\/xn--pranm-yoga-64a.fr\/wp-content\/uploads\/2025\/11\/espace-interieur-2-300x200.jpg 300w, https:\/\/xn--pranm-yoga-64a.fr\/wp-content\/uploads\/2025\/11\/espace-interieur-2.jpg 640w\" sizes=\"(max-width: 300px) 100vw, 300px\" \/><\/u><\/strong><\/span><\/h3>\n<h3 style=\"text-align: center;\"><span style=\"color: #333399;\"><strong><u>Tarif<\/u>:<\/strong><\/span><\/h3>\n<p>&nbsp;<\/p>\n<ul>\n<li style=\"text-align: left;\">1 Chambre <strong>individuelle<\/strong> (lit double) : <strong>520 euros<\/strong><\/li>\n<li style=\"text-align: left;\">1 Chambre <strong>double<\/strong> : 1 lit double <strong>480 euros<\/strong> et 1 lit simple <strong>460 euros<\/strong><\/li>\n<li style=\"text-align: left;\">2 Chambres double : lits simples<strong> 460 euros<\/strong><\/li>\n<li style=\"text-align: left;\">2 Chambres <strong>triple<\/strong> (2 lits simples + lit simple sur la mezzanine) : <strong>430 euros<\/strong><\/li>\n<\/ul>\n<div>\n<div><\/div>\n<\/div>\n<div>Cercle de 13 personnes<\/div>\n<div>(+ Fabien &amp; moi)<\/div>\n<div><\/div>\n<div><img loading=\"lazy\" class=\"alignnone size-medium wp-image-2318 aligncenter\" src=\"https:\/\/xn--pranm-yoga-64a.fr\/wp-content\/uploads\/2025\/11\/EchoFeminismes2020-330-300x200.jpg\" alt=\"\" width=\"300\" height=\"200\" srcset=\"https:\/\/xn--pranm-yoga-64a.fr\/wp-content\/uploads\/2025\/11\/EchoFeminismes2020-330-300x200.jpg 300w, https:\/\/xn--pranm-yoga-64a.fr\/wp-content\/uploads\/2025\/11\/EchoFeminismes2020-330-1024x683.jpg 1024w, https:\/\/xn--pranm-yoga-64a.fr\/wp-content\/uploads\/2025\/11\/EchoFeminismes2020-330-768x512.jpg 768w, https:\/\/xn--pranm-yoga-64a.fr\/wp-content\/uploads\/2025\/11\/EchoFeminismes2020-330-900x600.jpg 900w, https:\/\/xn--pranm-yoga-64a.fr\/wp-content\/uploads\/2025\/11\/EchoFeminismes2020-330-675x450.jpg 675w, https:\/\/xn--pranm-yoga-64a.fr\/wp-content\/uploads\/2025\/11\/EchoFeminismes2020-330.jpg 1080w\" sizes=\"(max-width: 300px) 100vw, 300px\" \/><\/div>\n<div><\/div>\n<h3><span style=\"color: #333399;\"><strong>Pour vous inscrire<\/strong>:\u00a0<\/span><\/h3>\n<div><span style=\"color: #ff0000;\">Ouverture des inscriptions en AVRIL !<\/span><\/div>\n<div><span style=\"color: #ff0000;\">Pr\u00e9-inscriptions possibles!<\/span><\/div>\n<div><\/div>\n<div>L&#8217;inscription est valid\u00e9e apr\u00e8s paiement d&#8217;acompte <strong>directement aupr\u00e8s de l&#8217;Arbre aux \u00e9toiles<\/strong> (soit par virement \/ soit paiement en ligne sur leur site)<\/div>\n<div><\/div>\n<div>\n<div>\n<div>Je suis \u00e0 votre disposition si vous avez des questions!<\/div>\n<\/div>\n<div>.<\/div>\n<div>\n<div><\/div>\n<div><\/div>\n<div>Dans la joie de vivre cette retraite RESSOURCE ensemble !<\/div>\n<\/div>\n<div>.<\/div>\n<div><\/div>\n<div><\/div>\n<div>\n<div>\u00d4m Shanti<\/div>\n<div>Dans la Paix du Coeur<\/div>\n<div>\n<div><\/div>\n<\/div>\n<\/div>\n<div><\/div>\n<div><\/div>\n<div>\n<div>\n<div>Johanna<\/div>\n<\/div>\n<\/div>\n<\/div>\n<div><\/div>\n<div><img loading=\"lazy\" class=\"alignnone size-medium wp-image-2198 aligncenter\" src=\"https:\/\/xn--pranm-yoga-64a.fr\/wp-content\/uploads\/2025\/07\/Publication-Instagram-Portrait-Citation-Minimaliste-Marron-Beige_20250701_180610_0000-240x300.png\" alt=\"\" width=\"240\" height=\"300\" srcset=\"https:\/\/xn--pranm-yoga-64a.fr\/wp-content\/uploads\/2025\/07\/Publication-Instagram-Portrait-Citation-Minimaliste-Marron-Beige_20250701_180610_0000-240x300.png 240w, https:\/\/xn--pranm-yoga-64a.fr\/wp-content\/uploads\/2025\/07\/Publication-Instagram-Portrait-Citation-Minimaliste-Marron-Beige_20250701_180610_0000-819x1024.png 819w, https:\/\/xn--pranm-yoga-64a.fr\/wp-content\/uploads\/2025\/07\/Publication-Instagram-Portrait-Citation-Minimaliste-Marron-Beige_20250701_180610_0000-768x960.png 768w, https:\/\/xn--pranm-yoga-64a.fr\/wp-content\/uploads\/2025\/07\/Publication-Instagram-Portrait-Citation-Minimaliste-Marron-Beige_20250701_180610_0000.png 1080w\" sizes=\"(max-width: 240px) 100vw, 240px\" \/><\/div>\n[\/vc_column_text][\/vc_column][\/vc_row]\n","protected":false},"excerpt":{"rendered":"<p>[vc_row type=&#8221;in_container&#8221; full_screen_row_position=&#8221;middle&#8221; column_margin=&#8221;default&#8221; column_direction=&#8221;default&#8221; column_direction_tablet=&#8221;default&#8221; column_direction_phone=&#8221;default&#8221; scene_position=&#8221;center&#8221; text_color=&#8221;dark&#8221; text_align=&#8221;left&#8221; row_border_radius=&#8221;none&#8221; row_border_radius_applies=&#8221;bg&#8221; overlay_strength=&#8221;0.3&#8243; gradient_direction=&#8221;left_to_right&#8221; shape_divider_position=&#8221;bottom&#8221; bg_image_animation=&#8221;none&#8221;][vc_column column_padding=&#8221;no-extra-padding&#8221; column_padding_tablet=&#8221;inherit&#8221; column_padding_phone=&#8221;inherit&#8221; column_padding_position=&#8221;all&#8221; column_element_spacing=&#8221;default&#8221; background_color_opacity=&#8221;1&#8243; background_hover_color_opacity=&#8221;1&#8243; column_shadow=&#8221;none&#8221; column_border_radius=&#8221;none&#8221; column_link_target=&#8221;_self&#8221; gradient_direction=&#8221;left_to_right&#8221; overlay_strength=&#8221;0.3&#8243; width=&#8221;1\/1&#8243; tablet_width_inherit=&#8221;default&#8221;&#8230;<\/p>\n","protected":false},"author":3,"featured_media":0,"parent":0,"menu_order":0,"comment_status":"closed","ping_status":"closed","template":"","meta":[],"_links":{"self":[{"href":"https:\/\/xn--pranm-yoga-64a.fr\/index.php\/wp-json\/wp\/v2\/pages\/1940"}],"collection":[{"href":"https:\/\/xn--pranm-yoga-64a.fr\/index.php\/wp-json\/wp\/v2\/pages"}],"about":[{"href":"https:\/\/xn--pranm-yoga-64a.fr\/index.php\/wp-json\/wp\/v2\/types\/page"}],"author":[{"embeddable":true,"href":"https:\/\/xn--pranm-yoga-64a.fr\/index.php\/wp-json\/wp\/v2\/users\/3"}],"replies":[{"embeddable":true,"href":"https:\/\/xn--pranm-yoga-64a.fr\/index.php\/wp-json\/wp\/v2\/comments?post=1940"}],"version-history":[{"count":21,"href":"https:\/\/xn--pranm-yoga-64a.fr\/index.php\/wp-json\/wp\/v2\/pages\/1940\/revisions"}],"predecessor-version":[{"id":2338,"href":"https:\/\/xn--pranm-yoga-64a.fr\/index.php\/wp-json\/wp\/v2\/pages\/1940\/revisions\/2338"}],"wp:attachment":[{"href":"https:\/\/xn--pranm-yoga-64a.fr\/index.php\/wp-json\/wp\/v2\/media?parent=1940"}],"curies":[{"name":"wp","href":"https:\/\/api.w.org\/{rel}","templated":true}]}}