{"id":535,"date":"2021-03-17T20:41:23","date_gmt":"2021-03-17T19:41:23","guid":{"rendered":"https:\/\/xn--pranm-yoga-64a.fr\/?page_id=535"},"modified":"2025-07-28T14:39:35","modified_gmt":"2025-07-28T12:39:35","slug":"contact","status":"publish","type":"page","link":"https:\/\/xn--pranm-yoga-64a.fr\/index.php\/contact\/","title":{"rendered":"Contact"},"content":{"rendered":"[vc_row type=&#8221;full_width_background&#8221; full_screen_row_position=&#8221;middle&#8221; column_margin=&#8221;default&#8221; column_direction=&#8221;default&#8221; column_direction_tablet=&#8221;default&#8221; column_direction_phone=&#8221;column_reverse&#8221; bg_color=&#8221;#efe9e9&#8243; scene_position=&#8221;center&#8221; top_padding=&#8221;4%&#8221; text_color=&#8221;dark&#8221; text_align=&#8221;left&#8221; row_border_radius=&#8221;none&#8221; row_border_radius_applies=&#8221;bg&#8221; zindex=&#8221;100&#8243; overlay_strength=&#8221;0.3&#8243; gradient_direction=&#8221;left_to_right&#8221; shape_divider_position=&#8221;bottom&#8221; bg_image_animation=&#8221;none&#8221; shape_type=&#8221;&#8221;][vc_column column_padding=&#8221;no-extra-padding&#8221; column_padding_tablet=&#8221;inherit&#8221; column_padding_phone=&#8221;inherit&#8221; column_padding_position=&#8221;all&#8221; column_element_spacing=&#8221;default&#8221; background_color_opacity=&#8221;1&#8243; background_hover_color_opacity=&#8221;1&#8243; column_shadow=&#8221;none&#8221; column_border_radius=&#8221;none&#8221; column_link_target=&#8221;_self&#8221; gradient_direction=&#8221;left_to_right&#8221; overlay_strength=&#8221;0.3&#8243; width=&#8221;1\/2&#8243; tablet_width_inherit=&#8221;default&#8221; tablet_text_alignment=&#8221;default&#8221; phone_text_alignment=&#8221;default&#8221; bg_image_animation=&#8221;none&#8221; border_type=&#8221;simple&#8221; column_border_width=&#8221;none&#8221; column_border_style=&#8221;solid&#8221;][vc_row_inner column_margin=&#8221;default&#8221; column_direction=&#8221;default&#8221; column_direction_tablet=&#8221;default&#8221; column_direction_phone=&#8221;default&#8221; bottom_padding=&#8221;4%&#8221; text_align=&#8221;left&#8221;][vc_column_inner column_padding=&#8221;no-extra-padding&#8221; column_padding_tablet=&#8221;inherit&#8221; column_padding_phone=&#8221;inherit&#8221; column_padding_position=&#8221;all&#8221; column_element_spacing=&#8221;default&#8221; centered_text=&#8221;true&#8221; background_color_opacity=&#8221;1&#8243; background_hover_color_opacity=&#8221;1&#8243; font_color=&#8221;#ffffff&#8221; column_shadow=&#8221;none&#8221; column_border_radius=&#8221;none&#8221; column_link_target=&#8221;_self&#8221; gradient_direction=&#8221;left_to_right&#8221; overlay_strength=&#8221;0.3&#8243; width=&#8221;1\/1&#8243; tablet_width_inherit=&#8221;default&#8221; bg_image_animation=&#8221;none&#8221; border_type=&#8221;simple&#8221; column_border_width=&#8221;none&#8221; column_border_style=&#8221;solid&#8221;][split_line_heading animation_type=&#8221;twist-in&#8221; font_style=&#8221;h2&#8243; text_color=&#8221;#a59fa9&#8243; content_alignment=&#8221;default&#8221; mobile_content_alignment=&#8221;inherit&#8221; text_content=&#8221;Contactez-moi&#8221;][\/split_line_heading][\/vc_column_inner][\/vc_row_inner][vc_row_inner column_margin=&#8221;default&#8221; column_direction=&#8221;default&#8221; column_direction_tablet=&#8221;default&#8221; column_direction_phone=&#8221;default&#8221; text_align=&#8221;left&#8221;][vc_column_inner column_padding=&#8221;padding-6-percent&#8221; column_padding_tablet=&#8221;inherit&#8221; column_padding_phone=&#8221;inherit&#8221; column_padding_position=&#8221;all&#8221; bottom_margin=&#8221;-10%&#8221; column_element_spacing=&#8221;default&#8221; background_color=&#8221;#ffffff&#8221; background_color_opacity=&#8221;1&#8243; background_hover_color_opacity=&#8221;1&#8243; column_shadow=&#8221;none&#8221; column_border_radius=&#8221;none&#8221; column_link_target=&#8221;_self&#8221; gradient_direction=&#8221;left_to_right&#8221; overlay_strength=&#8221;0.3&#8243; width=&#8221;1\/1&#8243; tablet_width_inherit=&#8221;default&#8221; bg_image_animation=&#8221;none&#8221; enable_animation=&#8221;true&#8221; animation=&#8221;fade-in-from-bottom&#8221; border_type=&#8221;simple&#8221; column_border_width=&#8221;none&#8221; column_border_style=&#8221;solid&#8221;][vc_column_text]<div role=\"form\" class=\"wpcf7\" id=\"wpcf7-f566-o1\" lang=\"fr-FR\" dir=\"ltr\">\n<div class=\"screen-reader-response\"><p role=\"status\" aria-live=\"polite\" aria-atomic=\"true\"><\/p> <ul><\/ul><\/div>\n<form action=\"\/index.php\/wp-json\/wp\/v2\/pages\/535#wpcf7-f566-o1\" method=\"post\" class=\"wpcf7-form init\" novalidate=\"novalidate\" data-status=\"init\">\n<div style=\"display: none;\">\n<input type=\"hidden\" name=\"_wpcf7\" value=\"566\" \/>\n<input type=\"hidden\" name=\"_wpcf7_version\" value=\"5.5.2\" \/>\n<input type=\"hidden\" name=\"_wpcf7_locale\" value=\"fr_FR\" \/>\n<input type=\"hidden\" name=\"_wpcf7_unit_tag\" value=\"wpcf7-f566-o1\" \/>\n<input type=\"hidden\" name=\"_wpcf7_container_post\" value=\"0\" \/>\n<input type=\"hidden\" name=\"_wpcf7_posted_data_hash\" value=\"\" \/>\n<\/div>\n<p><label> Votre nom<br \/>\n    <span class=\"wpcf7-form-control-wrap your-name\"><input type=\"text\" name=\"your-name\" value=\"\" size=\"40\" class=\"wpcf7-form-control wpcf7-text wpcf7-validates-as-required\" aria-required=\"true\" aria-invalid=\"false\" \/><\/span> <\/label><\/p>\n<p><label> Votre e-mail<br \/>\n    <span class=\"wpcf7-form-control-wrap your-email\"><input type=\"email\" name=\"your-email\" value=\"\" size=\"40\" class=\"wpcf7-form-control wpcf7-text wpcf7-email wpcf7-validates-as-required wpcf7-validates-as-email\" aria-required=\"true\" aria-invalid=\"false\" \/><\/span> <\/label><\/p>\n<p><label> Votre t\u00e9l\u00e9phone<br \/>\n            <span class=\"wpcf7-form-control-wrap tel-60\"><input type=\"tel\" name=\"tel-60\" value=\"\" size=\"40\" class=\"wpcf7-form-control wpcf7-text wpcf7-tel wpcf7-validates-as-tel\" aria-invalid=\"false\" \/><\/span><\/label><\/p>\n<p><label> Objet<br \/>\n    <span class=\"wpcf7-form-control-wrap your-subject\"><input type=\"text\" name=\"your-subject\" value=\"\" size=\"40\" class=\"wpcf7-form-control wpcf7-text wpcf7-validates-as-required\" aria-required=\"true\" aria-invalid=\"false\" \/><\/span> <\/label><\/p>\n<p><label> Votre message (facultatif)<br \/>\n    <span class=\"wpcf7-form-control-wrap your-message\"><textarea name=\"your-message\" cols=\"40\" rows=\"10\" class=\"wpcf7-form-control wpcf7-textarea\" aria-invalid=\"false\"><\/textarea><\/span> <\/label><\/p>\n<p><input type=\"submit\" value=\"Envoyer\" class=\"wpcf7-form-control has-spinner wpcf7-submit\" \/><\/p>\n<div class=\"wpcf7-response-output\" aria-hidden=\"true\"><\/div><\/form><\/div>[\/vc_column_text][\/vc_column_inner][\/vc_row_inner][\/vc_column][vc_column column_padding=&#8221;no-extra-padding&#8221; column_padding_tablet=&#8221;inherit&#8221; column_padding_phone=&#8221;inherit&#8221; column_padding_position=&#8221;all&#8221; column_element_spacing=&#8221;default&#8221; background_color_opacity=&#8221;1&#8243; background_hover_color_opacity=&#8221;1&#8243; column_shadow=&#8221;none&#8221; column_border_radius=&#8221;none&#8221; column_link_target=&#8221;_self&#8221; gradient_direction=&#8221;left_to_right&#8221; overlay_strength=&#8221;0.3&#8243; width=&#8221;1\/2&#8243; tablet_width_inherit=&#8221;default&#8221; tablet_text_alignment=&#8221;default&#8221; phone_text_alignment=&#8221;default&#8221; bg_image_animation=&#8221;none&#8221; border_type=&#8221;simple&#8221; column_border_width=&#8221;none&#8221; column_border_style=&#8221;solid&#8221;][vc_column_text css=&#8221;.vc_custom_1753706274152{margin-top: 35px !important;margin-bottom: 20px !important;}&#8221;]\n<h2 style=\"text-align: center;\">R\u00e9server une place<\/h2>\n<h2 style=\"text-align: center;\">dans un Cercle<\/h2>\n<p style=\"text-align: center;\">Merci de pr\u00e9ciser celui auquel vous souhaitez assister \u00e0 l&#8217;aide:<\/p>\n<p style=\"text-align: center;\"><strong>par formulaire de contact\u00a0<\/strong><\/p>\n<p style=\"text-align: center;\"><strong>ou<\/strong><\/p>\n<p style=\"text-align: center;\"><strong> par mail: \u00a0js.pranamyoga@gmail.com<\/strong><\/p>\n<div style=\"text-align: center;\">\u00a0Je reviens vers vous, rapidement!<\/div>\n<div style=\"text-align: center;\">\u00c0 Coeur Joie<\/div>\n[\/vc_column_text][image_with_animation image_url=&#8221;1806&#8243; animation=&#8221;Fade In&#8221; hover_animation=&#8221;none&#8221; alignment=&#8221;&#8221; border_radius=&#8221;5px&#8221; box_shadow=&#8221;medium_depth&#8221; image_loading=&#8221;default&#8221; max_width=&#8221;100%&#8221; max_width_mobile=&#8221;default&#8221; margin_bottom=&#8221;25&#8243;][vc_column_text]\n<h2 style=\"text-align: center;\">S\u00e9ance de Sophrologie<\/h2>\n<p>&nbsp;<\/p>\n<p style=\"text-align: center;\"><strong>Pour prendre rendez-vous:<\/strong><\/p>\n<p style=\"text-align: center;\">je vous invite \u00e0 me laisser un message avec vos disponibilit\u00e9s<\/p>\n<p style=\"text-align: center;\">via le <strong>formulaire de contact<\/strong>\u00a0ou \u00e0 me contacter par t\u00e9l\u00e9phone.<\/p>\n<p style=\"text-align: center;\">Cabinet de sophrologie<\/p>\n<p style=\"text-align: center;\">Johanna Ermenault-Sarrazin<\/p>\n<p style=\"text-align: center;\"><span class=\"GRkHZd w8qArf\">Adresse : Ardenay sur Merize 72370<\/span><\/p>\n<p style=\"text-align: center;\">js.pranamyoga@gmail.com<\/p>\n<p style=\"text-align: center;\">T\u00e9l: 06 83 79 57 30<\/p>\n<p style=\"text-align: center;\">Tarif de la s\u00e9ance: 55 euros<\/p>\n[\/vc_column_text][image_with_animation image_url=&#8221;2171&#8243; animation=&#8221;Fade In&#8221; hover_animation=&#8221;none&#8221; alignment=&#8221;&#8221; border_radius=&#8221;5px&#8221; box_shadow=&#8221;medium_depth&#8221; image_loading=&#8221;default&#8221; max_width=&#8221;100%&#8221; max_width_mobile=&#8221;default&#8221; margin_top=&#8221;10&#8243;][\/vc_column][\/vc_row][vc_row type=&#8221;full_width_background&#8221; full_screen_row_position=&#8221;middle&#8221; column_margin=&#8221;default&#8221; column_direction=&#8221;default&#8221; column_direction_tablet=&#8221;default&#8221; column_direction_phone=&#8221;default&#8221; bg_image=&#8221;586&#8243; bg_position=&#8221;center center&#8221; background_image_loading=&#8221;default&#8221; bg_repeat=&#8221;no-repeat&#8221; scene_position=&#8221;center&#8221; top_padding=&#8221;6%&#8221; bottom_padding=&#8221;0%&#8221; text_color=&#8221;light&#8221; text_align=&#8221;left&#8221; row_border_radius=&#8221;none&#8221; row_border_radius_applies=&#8221;bg&#8221; color_overlay=&#8221;#000000&#8243; overlay_strength=&#8221;0.3&#8243; gradient_direction=&#8221;left_to_right&#8221; shape_divider_position=&#8221;bottom&#8221; bg_image_animation=&#8221;zoom-out-slow&#8221; shape_type=&#8221;&#8221;][vc_column column_padding=&#8221;no-extra-padding&#8221; column_padding_tablet=&#8221;inherit&#8221; column_padding_phone=&#8221;inherit&#8221; column_padding_position=&#8221;all&#8221; top_margin=&#8221;150&#8243; bottom_margin=&#8221;0&#8243; column_element_spacing=&#8221;default&#8221; background_color_opacity=&#8221;0.2&#8243; background_hover_color_opacity=&#8221;0.2&#8243; column_shadow=&#8221;none&#8221; column_border_radius=&#8221;none&#8221; column_link_target=&#8221;_self&#8221; gradient_direction=&#8221;left_to_right&#8221; overlay_strength=&#8221;0.3&#8243; width=&#8221;1\/1&#8243; tablet_width_inherit=&#8221;default&#8221; tablet_text_alignment=&#8221;default&#8221; phone_text_alignment=&#8221;default&#8221; bg_image_animation=&#8221;none&#8221; enable_animation=&#8221;true&#8221; animation=&#8221;fade-in-from-bottom&#8221; border_type=&#8221;simple&#8221; column_border_width=&#8221;none&#8221; column_border_style=&#8221;solid&#8221;][testimonial_slider style=&#8221;minimal&#8221; star_rating_color=&#8221;accent-color&#8221; autorotate=&#8221;9000&#8243; disable_height_animation=&#8221;true&#8221;][testimonial star_rating=&#8221;none&#8221; title=&#8221;Testimonial&#8221; id=&#8221;1569348706787-8&#8243; name=&#8221;St\u00e9phanie Pontin&#8221; subtitle=&#8221;Naturopathe&#8221; quote=&#8221;&#8220;Que ce soit en s\u00e9ance de yoga ou de sophrologie, l&#8217;accompagnement que propose Johanna est doux et bienveillant, riche de conseils et d&#8217;enseignements qui m\u00e8nent vers un bien \u00eatre et une meilleure connaissance de soi.&#8220;&#8221; tab_id=&#8221;1569348706788-9&#8243;][testimonial star_rating=&#8221;none&#8221; title=&#8221;Testimonial&#8221; id=&#8221;1569348706850-6&#8243; name=&#8221;Roseline Renard&#8221; subtitle=&#8221;Une fid\u00e8le aussi du Yin Yoga&#8221; quote=&#8221;&#8220;J\u2019ai eu la chance de d\u00e9couvrir la sophrologie avec Johanna.<br \/>\nJ\u2019ai appris que ce n\u2019\u00e9tait pas que des respirations, c\u2019est aussi mettre notre corps et notre t\u00eate en mouvements adapt\u00e9s selon notre capacit\u00e9.<br \/>\nPratiquer la sophrologie r\u00e9guli\u00e8rement lib\u00e8re les tensions, assure une d\u00e9tente compl\u00e8te, c\u2019est un bien \u00eatre physique et mental. Lors d\u2019une s\u00e9ance : Ne pas se prendre au s\u00e9rieux (rire et grimaces) tr\u00e8s bien guid\u00e9e par Johanna \ud83d\ude02 a \u00e9t\u00e9 une r\u00e9v\u00e9lation, le vide total dans la t\u00eate.<br \/>\nC\u2019est un art de vivre que nous devrions adopter dans la vie de tous les jours \ud83d\ude4fJohanna pour ton \u00e9coute, ton grand c\u0153ur et pour le partage de ta passion .&#8220;&#8221; tab_id=&#8221;1569348706851-0&#8243;][testimonial star_rating=&#8221;none&#8221; title=&#8221;Testimonial&#8221; id=&#8221;1569348706850-6&#8243; name=&#8221;Annick E&#8221; subtitle=&#8221;Une fid\u00e8le aussi du Yin Yoga&#8221; quote=&#8221;Merci pour ces moments pass\u00e9s \u00e0 vos c\u00f4t\u00e9s.<br \/>\nVotre douceur,votre calme et votre voix apaisante m\u2019ont permise de renouer les liens avec la sophrologie.<br \/>\nDommage que ce f\u00fbt si court !!<br \/>\nJe vous recommande aupr\u00e8s des personnes qui en auraient besoin,n\u2019h\u00e9sitez pas,allez-y les yeux ferm\u00e9s.<br \/>\nBonne continuation<br \/>\nCordialement&#8221; tab_id=&#8221;1569348706851-0&#8243;][testimonial star_rating=&#8221;none&#8221; title=&#8221;Testimonial&#8221; id=&#8221;1569348706882-1&#8243; name=&#8221;Monika LEMOINE&#8221; quote=&#8221;&#8220;J\u2019ai connu Johanna par l\u2019interm\u00e9diaire de ses s\u00e9ances de yoga sur CISSE BLOSSAC<br \/>\nDe suite je me suis sentie \u00e0 l\u2019aise et confiante . Johanna fait partie de ces personnes qui lorsqu\u2019elle vous regarde , vous \u00ab \u00e9coute \u00bb vraiment en vous accordant toute son attention et sa pr\u00e9sence  . Il y a des moments d\u2019ouverture de c\u0153ur qui n\u2019ont pas besoin de mot<br \/>\nEn tant que th\u00e9rapeute, sa bienveillance et ses diff\u00e9rentes approches en fonction de nos probl\u00e9matiques ou interrogations sont de v\u00e9ritable baume sur notre \u00e9volution et notre gu\u00e9rison<br \/>\nSon implication aupr\u00e8s de la personne suivie ne s\u2019arr\u00eate pas \u00e0 la fin de la s\u00e9ance car elle reste disponible &#8230; c\u2019est un r\u00e9el soutien<br \/>\nCertaines rencontres nous font grandir &#8230; Johanna en fait partie en ce qui me concerne<br \/>\nMerci Johanna .. avec le c\u0153ur&#8220;&#8221; tab_id=&#8221;1569348706883-7&#8243;][testimonial star_rating=&#8221;none&#8221; title=&#8221;Testimonial&#8221; id=&#8221;1569348706909-1&#8243; name=&#8221;LUNE opticien lunetier&#8221; subtitle=&#8221;opticienne&#8221; quote=&#8221;&#8220;J&#8217;ai d\u00e9vouvert Johanna par l&#8217;interm\u00e9diaire du Yin Yoga, c&#8217;est donc naturellement que je me suis trourn\u00e9e vers elle pour une s\u00e9ance de sophro. Car il y a dans son univers une prise en compte d&#8217;un ensemble, les mots en disent long mais le ressenti est plus grand. Un apaisement, un questionnement (dans le bon sens du terme), des points cl\u00e9s, une vision plus ouverte, la rencontre d&#8217;une belle personne, une inspiration voil\u00e0 ce que m&#8217;a apport\u00e9 la s\u00e9ance. Je n&#8217;ai pas encore eu l&#8217;occasion d&#8217;en faire une autre mais \u00e7a serait avec grand plaisir. Je recommande.&#8220;&#8221; tab_id=&#8221;1569348706910-1&#8243;][\/testimonial_slider][\/vc_column][\/vc_row][vc_row type=&#8221;in_container&#8221; full_screen_row_position=&#8221;middle&#8221; column_margin=&#8221;default&#8221; column_direction=&#8221;default&#8221; column_direction_tablet=&#8221;default&#8221; column_direction_phone=&#8221;column_reverse&#8221; scene_position=&#8221;center&#8221; top_padding=&#8221;6%&#8221; right_padding_desktop=&#8221;5%&#8221; text_color=&#8221;dark&#8221; text_align=&#8221;left&#8221; row_border_radius=&#8221;none&#8221; row_border_radius_applies=&#8221;bg&#8221; overlay_strength=&#8221;0.3&#8243; gradient_direction=&#8221;left_to_right&#8221; shape_divider_position=&#8221;bottom&#8221; bg_image_animation=&#8221;none&#8221; shape_type=&#8221;&#8221;][vc_column column_padding=&#8221;no-extra-padding&#8221; column_padding_tablet=&#8221;inherit&#8221; column_padding_phone=&#8221;inherit&#8221; column_padding_position=&#8221;all&#8221; column_element_spacing=&#8221;default&#8221; background_color_opacity=&#8221;1&#8243; background_hover_color_opacity=&#8221;1&#8243; column_shadow=&#8221;none&#8221; column_border_radius=&#8221;none&#8221; column_link_target=&#8221;_self&#8221; gradient_direction=&#8221;left_to_right&#8221; overlay_strength=&#8221;0.3&#8243; width=&#8221;3\/5&#8243; tablet_width_inherit=&#8221;default&#8221; tablet_text_alignment=&#8221;default&#8221; phone_text_alignment=&#8221;default&#8221; bg_image_animation=&#8221;none&#8221; border_type=&#8221;simple&#8221; column_border_width=&#8221;none&#8221; column_border_style=&#8221;solid&#8221;][image_with_animation image_url=&#8221;1912&#8243; animation=&#8221;Fade In&#8221; hover_animation=&#8221;none&#8221; alignment=&#8221;&#8221; border_radius=&#8221;none&#8221; box_shadow=&#8221;none&#8221; image_loading=&#8221;default&#8221; max_width=&#8221;100%&#8221; max_width_mobile=&#8221;default&#8221;][\/vc_column][vc_column column_padding=&#8221;padding-2-percent&#8221; column_padding_tablet=&#8221;inherit&#8221; column_padding_phone=&#8221;inherit&#8221; column_padding_position=&#8221;all&#8221; column_element_spacing=&#8221;default&#8221; background_color_opacity=&#8221;1&#8243; background_hover_color_opacity=&#8221;1&#8243; column_shadow=&#8221;none&#8221; column_border_radius=&#8221;none&#8221; column_link_target=&#8221;_self&#8221; gradient_direction=&#8221;left_to_right&#8221; overlay_strength=&#8221;0.3&#8243; width=&#8221;2\/5&#8243; tablet_width_inherit=&#8221;default&#8221; tablet_text_alignment=&#8221;default&#8221; phone_text_alignment=&#8221;default&#8221; bg_image_animation=&#8221;none&#8221; border_type=&#8221;simple&#8221; column_border_width=&#8221;none&#8221; column_border_style=&#8221;solid&#8221;][vc_widget_sidebar sidebar_id=&#8221;nectar-extra-sidebar&#8221;][\/vc_column][\/vc_row]\n","protected":false},"excerpt":{"rendered":"<p>[vc_row type=&#8221;full_width_background&#8221; full_screen_row_position=&#8221;middle&#8221; column_margin=&#8221;default&#8221; column_direction=&#8221;default&#8221; column_direction_tablet=&#8221;default&#8221; column_direction_phone=&#8221;column_reverse&#8221; bg_color=&#8221;#efe9e9&#8243; scene_position=&#8221;center&#8221; top_padding=&#8221;4%&#8221; text_color=&#8221;dark&#8221; text_align=&#8221;left&#8221; row_border_radius=&#8221;none&#8221; row_border_radius_applies=&#8221;bg&#8221; zindex=&#8221;100&#8243; overlay_strength=&#8221;0.3&#8243; gradient_direction=&#8221;left_to_right&#8221; shape_divider_position=&#8221;bottom&#8221; bg_image_animation=&#8221;none&#8221; shape_type=&#8221;&#8221;][vc_column column_padding=&#8221;no-extra-padding&#8221; column_padding_tablet=&#8221;inherit&#8221; column_padding_phone=&#8221;inherit&#8221; column_padding_position=&#8221;all&#8221; column_element_spacing=&#8221;default&#8221; background_color_opacity=&#8221;1&#8243; background_hover_color_opacity=&#8221;1&#8243; column_shadow=&#8221;none&#8221; column_border_radius=&#8221;none&#8221; column_link_target=&#8221;_self&#8221;&#8230;<\/p>\n","protected":false},"author":1,"featured_media":0,"parent":0,"menu_order":0,"comment_status":"closed","ping_status":"closed","template":"","meta":[],"_links":{"self":[{"href":"https:\/\/xn--pranm-yoga-64a.fr\/index.php\/wp-json\/wp\/v2\/pages\/535"}],"collection":[{"href":"https:\/\/xn--pranm-yoga-64a.fr\/index.php\/wp-json\/wp\/v2\/pages"}],"about":[{"href":"https:\/\/xn--pranm-yoga-64a.fr\/index.php\/wp-json\/wp\/v2\/types\/page"}],"author":[{"embeddable":true,"href":"https:\/\/xn--pranm-yoga-64a.fr\/index.php\/wp-json\/wp\/v2\/users\/1"}],"replies":[{"embeddable":true,"href":"https:\/\/xn--pranm-yoga-64a.fr\/index.php\/wp-json\/wp\/v2\/comments?post=535"}],"version-history":[{"count":39,"href":"https:\/\/xn--pranm-yoga-64a.fr\/index.php\/wp-json\/wp\/v2\/pages\/535\/revisions"}],"predecessor-version":[{"id":2172,"href":"https:\/\/xn--pranm-yoga-64a.fr\/index.php\/wp-json\/wp\/v2\/pages\/535\/revisions\/2172"}],"wp:attachment":[{"href":"https:\/\/xn--pranm-yoga-64a.fr\/index.php\/wp-json\/wp\/v2\/media?parent=535"}],"curies":[{"name":"wp","href":"https:\/\/api.w.org\/{rel}","templated":true}]}}