{"id":681,"date":"2021-04-18T23:19:53","date_gmt":"2021-04-18T21:19:53","guid":{"rendered":"https:\/\/xn--pranm-yoga-64a.fr\/?page_id=681"},"modified":"2025-11-27T12:18:58","modified_gmt":"2025-11-27T11:18:58","slug":"en-savoir-plus","status":"publish","type":"page","link":"https:\/\/xn--pranm-yoga-64a.fr\/index.php\/en-savoir-plus\/","title":{"rendered":"En savoir plus"},"content":{"rendered":"[vc_row type=&#8221;in_container&#8221; full_screen_row_position=&#8221;middle&#8221; column_margin=&#8221;default&#8221; column_direction=&#8221;default&#8221; column_direction_tablet=&#8221;default&#8221; column_direction_phone=&#8221;default&#8221; bg_color=&#8221;#ffffff&#8221; scene_position=&#8221;center&#8221; text_color=&#8221;dark&#8221; text_align=&#8221;left&#8221; row_border_radius=&#8221;none&#8221; row_border_radius_applies=&#8221;bg&#8221; id=&#8221;harmonie&#8221; overlay_strength=&#8221;0.3&#8243; gradient_direction=&#8221;left_to_right&#8221; shape_divider_position=&#8221;bottom&#8221; bg_image_animation=&#8221;none&#8221; shape_type=&#8221;&#8221;][vc_column column_padding=&#8221;no-extra-padding&#8221; column_padding_tablet=&#8221;inherit&#8221; column_padding_phone=&#8221;inherit&#8221; column_padding_position=&#8221;all&#8221; column_element_spacing=&#8221;default&#8221; background_color=&#8221;#b4d69e&#8221; background_color_opacity=&#8221;0.3&#8243; background_hover_color_opacity=&#8221;1&#8243; column_shadow=&#8221;none&#8221; column_border_radius=&#8221;none&#8221; column_link_target=&#8221;_self&#8221; gradient_direction=&#8221;left_to_right&#8221; overlay_strength=&#8221;0.3&#8243; width=&#8221;1\/1&#8243; tablet_width_inherit=&#8221;default&#8221; tablet_text_alignment=&#8221;default&#8221; phone_text_alignment=&#8221;default&#8221; bg_image_animation=&#8221;none&#8221; border_type=&#8221;simple&#8221; column_border_width=&#8221;none&#8221; column_border_style=&#8221;solid&#8221;][vc_column_text css=&#8221;.vc_custom_1764242075832{padding-right: 5px !important;padding-left: 5px !important;}&#8221;]\n<h2 style=\"text-align: center;\">Sophrologie: l&#8217;\u00e9tude de l&#8217;harmonie de la conscience&#8230;<\/h2>\n<p>&nbsp;<\/p>\n<p>L&#8217;harmonie \u00e9merge d&#8217;un sentiment d&#8217;Union, de coh\u00e9sion, d&#8217;alignement;\u00a0et pour que ce sentiment puisse \u00e9merger&#8230;il faut se laisser plonger au dedans.\u00a0Partir en exploration, \u00e0 la d\u00e9couverte de soi.\u00a0Aller mettre en lumi\u00e8re ses luttes int\u00e9rieures, ses espaces irr\u00e9solus, cach\u00e9s,\u00a0qui se manifestent en sympt\u00f4mes, en inconforts, en \u00e9motions puissantes, persistantes ou tout autres troubles ou d\u00e9s\u00e9quilibres;\u00a0Et tout embrasser.\u00a0Tout rassembler.\u00a0Tout r\u00e9int\u00e9grer dans le pr\u00e9sent![\/vc_column_text][vc_column_text css=&#8221;.vc_custom_1620200560341{padding-top: 15px !important;padding-right: 5px !important;padding-left: 5px !important;}&#8221;]\n<p style=\"text-align: left;\">En reconnaissant, en nommant, en rencontrant, en ressentant dans le corps,<br \/>\nce qui faisait d\u00e9s\u00e9quilibre se voit alors pacifi\u00e9, apais\u00e9.\u00a0Cet apaisement, ce retour \u00e0 l&#8217;\u00e9quilibre est accompagn\u00e9 et soutenu par la mise en lumi\u00e8re, la prise de conscience et l&#8217;activation des valeurs, des forces, des ressources, des potentiels, propre \u00e0 l&#8217;individu.\u00a0Et dans ce process, l&#8217;apprentissage de l&#8217;amour de soi, de ses diff\u00e9rentes facettes et du nouvel \u00e9quilibre qui se cr\u00e9e &#8211; comme un chemin de r\u00e9conciliation.\u00a0Tout ceci amenant \u00e0 mieux se connaitre, mieux se comprendre.<br \/>\nSe vivre dans une plus grande qualit\u00e9 de Pr\u00e9sence, au plus proche de soi.<br \/>\nRessources et champs de conscience ainsi augment\u00e9s, faire l&#8217;exp\u00e9rience d&#8217;une nouvelle Souverainet\u00e9 d&#8217;\u00eatre, ouvrant un Chemin dans lequel l&#8217;individu est acteur de sa vie.\u00a0Finalement d\u00e9couvrir que quelque chose en soi Prend soin et s&#8217;engager \u00e0 nourrir profond\u00e9ment ce quelque chose, au quotidien,\u00a0pour sans cesse trouver l&#8217;\u00e9quilibre et l&#8217;harmonie, \u00e0 laquelle l&#8217;individu aspire.<\/p>\n<p style=\"text-align: left;\">Il y a une multitudes d&#8217;outils th\u00e9rapeutiques et d&#8217;approches pour faire l&#8217;exp\u00e9rience de ce processus.\u00a0La sophrologie en fait, merveilleusement, parti!<\/p>\n<p style=\"text-align: left;\">En d&#8217;autres mots, peut-\u00eatre plus pr\u00e9cis!&#8230;<br \/>\nCette m\u00e9thode psycho-corporelle consid\u00e8re l&#8217;individu comme une unit\u00e9.<br \/>\nUne philosophie de vie o\u00f9 corps et esprit vont de pair, pour d\u00e9velopper s\u00e9r\u00e9nit\u00e9 et mieux-\u00eatre.<\/p>\n<p style=\"text-align: left;\">La sophrologie, c&#8217;est une exp\u00e9rience, qui se d\u00e9roule entre le niveau de conscience de veille et celui du sommeil.\u00a0Elle poss\u00e8de diff\u00e9rentes techniques, comme une boite \u00e0 outils dans laquelle on pioche, en fonction des besoins.<br \/>\nCelle-ci incluant: exercices de respiration, de relaxation dynamique, visualisations, &#8230; qui permettent \u00e0 l&#8217;individu de se ressourcer, de consolider, nourrir un \u00e9quilibre et ancrer la sensation d&#8217;\u00eatre vivant et puissant dans sa vie.<\/p>\n<p style=\"text-align: left;\">La sophrologie permet cette fabuleuse rencontre de la personne avec elle-m\u00eame, qui au fil des s\u00e9ances, va apprendre \u00e0 mieux se connaitre.\u00a0Ainsi et parfois sans m\u00eame s&#8217;en rendre compte, elle va remettre de l&#8217;ordre \u00e0 l&#8217;int\u00e9rieur, comme un alignement.\u00a0Dans une plus grande conscience de ses valeurs, forte de ses ressources activ\u00e9es, une nouvelle harmonie et un bien-\u00eatre global apparaissent, \u00a0dissipant ce qui faisait alors d\u00e9sordre, d\u00e9s\u00e9quilibre.<br \/>\nGr\u00e2ce \u00e0 l&#8217;entrainement, l&#8217;individu pose dor\u00e9navant un regard plus confiant et serein sur sa r\u00e9alit\u00e9 et sa mani\u00e8re d&#8217;interagir avec le monde.\u00a0Il peut ainsi devenir acteur de fa\u00e7on autonome des changements permettant d&#8217;am\u00e9liorer son existence au quotidien.<\/p>\n<p style=\"text-align: left;\">[\/vc_column_text][vc_column_text]\n<h4 style=\"text-align: center;\">&#8220;Je ne suis pas ce qui m\u2019est arriv\u00e9, je suis ce que je choisis de devenir&#8221;.<\/h4>\n<h5 style=\"text-align: center;\"><strong>&#8211; Carl Gustav Jung<\/strong><\/h5>\n[\/vc_column_text][\/vc_column][\/vc_row][vc_row type=&#8221;in_container&#8221; full_screen_row_position=&#8221;middle&#8221; column_margin=&#8221;default&#8221; column_direction=&#8221;default&#8221; column_direction_tablet=&#8221;default&#8221; column_direction_phone=&#8221;default&#8221; scene_position=&#8221;center&#8221; top_padding=&#8221;3%&#8221; bottom_padding=&#8221;3%&#8221; text_color=&#8221;dark&#8221; text_align=&#8221;left&#8221; row_border_radius=&#8221;none&#8221; row_border_radius_applies=&#8221;bg&#8221; overlay_strength=&#8221;0.3&#8243; gradient_direction=&#8221;left_to_right&#8221; shape_divider_position=&#8221;bottom&#8221; bg_image_animation=&#8221;none&#8221; shape_type=&#8221;&#8221;][vc_column column_padding=&#8221;no-extra-padding&#8221; column_padding_tablet=&#8221;inherit&#8221; column_padding_phone=&#8221;inherit&#8221; column_padding_position=&#8221;all&#8221; column_element_spacing=&#8221;default&#8221; background_color_opacity=&#8221;1&#8243; background_hover_color_opacity=&#8221;1&#8243; column_shadow=&#8221;none&#8221; column_border_radius=&#8221;none&#8221; column_link_target=&#8221;_self&#8221; gradient_direction=&#8221;left_to_right&#8221; overlay_strength=&#8221;0.3&#8243; width=&#8221;1\/1&#8243; tablet_width_inherit=&#8221;default&#8221; tablet_text_alignment=&#8221;default&#8221; phone_text_alignment=&#8221;default&#8221; bg_image_animation=&#8221;none&#8221; border_type=&#8221;simple&#8221; column_border_width=&#8221;none&#8221; column_border_style=&#8221;solid&#8221;][split_line_heading animation_type=&#8221;default&#8221;]\n<hr \/>\n[\/split_line_heading][\/vc_column][\/vc_row][vc_row type=&#8221;in_container&#8221; full_screen_row_position=&#8221;middle&#8221; column_margin=&#8221;default&#8221; column_direction=&#8221;default&#8221; column_direction_tablet=&#8221;default&#8221; column_direction_phone=&#8221;default&#8221; scene_position=&#8221;center&#8221; text_color=&#8221;dark&#8221; text_align=&#8221;left&#8221; row_border_radius=&#8221;none&#8221; row_border_radius_applies=&#8221;bg&#8221; id=&#8221;pourquoi&#8221; overlay_strength=&#8221;0.3&#8243; gradient_direction=&#8221;left_to_right&#8221; shape_divider_position=&#8221;bottom&#8221; bg_image_animation=&#8221;none&#8221; shape_type=&#8221;&#8221;][vc_column column_padding=&#8221;no-extra-padding&#8221; column_padding_tablet=&#8221;inherit&#8221; column_padding_phone=&#8221;inherit&#8221; column_padding_position=&#8221;all&#8221; column_element_spacing=&#8221;default&#8221; background_color=&#8221;#6997bf&#8221; background_color_opacity=&#8221;0.3&#8243; background_hover_color_opacity=&#8221;1&#8243; column_shadow=&#8221;none&#8221; column_border_radius=&#8221;none&#8221; column_link_target=&#8221;_self&#8221; gradient_direction=&#8221;left_to_right&#8221; overlay_strength=&#8221;0.3&#8243; width=&#8221;1\/1&#8243; tablet_width_inherit=&#8221;default&#8221; tablet_text_alignment=&#8221;default&#8221; phone_text_alignment=&#8221;default&#8221; bg_image_animation=&#8221;none&#8221; border_type=&#8221;simple&#8221; column_border_width=&#8221;none&#8221; column_border_style=&#8221;solid&#8221;][vc_column_text css=&#8221;.vc_custom_1764242333801{padding-right: 5px !important;padding-left: 5px !important;}&#8221;]\n<h2 style=\"text-align: center;\">Pourquoi consulter un sophrologue?<\/h2>\n<p>&nbsp;<\/p>\n<p>&#8211; Accompagnement des \u00e9motions (stress, angoisses, anxi\u00e9t\u00e9, col\u00e8re, &#8230;)<br \/>\n&#8211; D\u00e9velopper confiance, solidit\u00e9, cr\u00e9ativit\u00e9 et estime de soi, ressentir et activer ses potentiels et ressources.<br \/>\n&#8211; Am\u00e9liorer les relations<br \/>\n&#8211; Accompagner une p\u00e9riode de changement ou situation douloureuse (d\u00e9m\u00e9nagement, s\u00e9paration, deuil, maladie, burn out, accident, &#8230;)<br \/>\n&#8211; Gestion de la douleur.<br \/>\n&#8211; Am\u00e9liorer la qualit\u00e9 de sommeil.<br \/>\n&#8211; Pr\u00e9paration \u00e0 un \u00e9v\u00e9nement (examen scolaire, m\u00e9dical, entretien d&#8217;embauche, \u00e9preuve sportive, naissance &#8230;)<br \/>\n&#8211; Prendre du temps pour soi, mieux se connaitre, faire le point, &#8230;<br \/>\n&#8211; Perte de sens, de joie, de vitalit\u00e9, sentiment d&#8217;\u00eatre perdu, &#8230;<\/p>\n<p>De mani\u00e8re plus g\u00e9n\u00e9rale, la sophrologie s&#8217;adapte \u00e0 tous ceux qu&#8217;elle rencontre, du plus petit au plus grand, et ajuste son langage. Toute personne \u00e0 la recherche d&#8217;une plus grande harmonie, sensation d&#8217;alignement ou d&#8217;un nouvel \u00e9quilibre de vie, peut consulter un sophrologue.<\/p>\n<p>&nbsp;<\/p>\n<p>&nbsp;[\/vc_column_text][vc_column_text css=&#8221;.vc_custom_1620200743526{margin-top: -70px !important;padding-right: 5px !important;padding-bottom: 10px !important;padding-left: 5px !important;}&#8221;]\n<h4>&#8220;Ce n&#8217;est pas le m\u00e9decin qui gu\u00e9rit, mais la nature.\u00a0Le th\u00e9rapeute, quel qu&#8217;il soit, met la personne qui souffre dans les conditions qui permettront \u00e0 la nature de la soulager.\u00a0C&#8217;est l&#8217;Etre qui gu\u00e9rit de l&#8217;int\u00e9rieur. Cela suppose de la part du th\u00e9rapeute, ou de celui qui est sur un chemin spirituel &#8211; celui qui travaille au bien-\u00eatre de tous les vivants &#8211; de savoir que le bien-\u00eatre est d\u00e9j\u00e0 l\u00e0, ce n&#8217;est donc pas lui qui l&#8217;apporte.&#8221;<\/h4>\n<h5><strong>&#8211; Jean-Yves Leloup<\/strong><\/h5>\n[\/vc_column_text][\/vc_column][\/vc_row]\n","protected":false},"excerpt":{"rendered":"<p>[vc_row type=&#8221;in_container&#8221; full_screen_row_position=&#8221;middle&#8221; column_margin=&#8221;default&#8221; column_direction=&#8221;default&#8221; column_direction_tablet=&#8221;default&#8221; column_direction_phone=&#8221;default&#8221; bg_color=&#8221;#ffffff&#8221; scene_position=&#8221;center&#8221; text_color=&#8221;dark&#8221; text_align=&#8221;left&#8221; row_border_radius=&#8221;none&#8221; row_border_radius_applies=&#8221;bg&#8221; id=&#8221;harmonie&#8221; overlay_strength=&#8221;0.3&#8243; gradient_direction=&#8221;left_to_right&#8221; shape_divider_position=&#8221;bottom&#8221; bg_image_animation=&#8221;none&#8221; shape_type=&#8221;&#8221;][vc_column column_padding=&#8221;no-extra-padding&#8221; column_padding_tablet=&#8221;inherit&#8221; column_padding_phone=&#8221;inherit&#8221; column_padding_position=&#8221;all&#8221; column_element_spacing=&#8221;default&#8221; background_color=&#8221;#b4d69e&#8221; background_color_opacity=&#8221;0.3&#8243; background_hover_color_opacity=&#8221;1&#8243; column_shadow=&#8221;none&#8221; column_border_radius=&#8221;none&#8221; column_link_target=&#8221;_self&#8221;&#8230;<\/p>\n","protected":false},"author":1,"featured_media":0,"parent":0,"menu_order":0,"comment_status":"closed","ping_status":"closed","template":"","meta":[],"_links":{"self":[{"href":"https:\/\/xn--pranm-yoga-64a.fr\/index.php\/wp-json\/wp\/v2\/pages\/681"}],"collection":[{"href":"https:\/\/xn--pranm-yoga-64a.fr\/index.php\/wp-json\/wp\/v2\/pages"}],"about":[{"href":"https:\/\/xn--pranm-yoga-64a.fr\/index.php\/wp-json\/wp\/v2\/types\/page"}],"author":[{"embeddable":true,"href":"https:\/\/xn--pranm-yoga-64a.fr\/index.php\/wp-json\/wp\/v2\/users\/1"}],"replies":[{"embeddable":true,"href":"https:\/\/xn--pranm-yoga-64a.fr\/index.php\/wp-json\/wp\/v2\/comments?post=681"}],"version-history":[{"count":13,"href":"https:\/\/xn--pranm-yoga-64a.fr\/index.php\/wp-json\/wp\/v2\/pages\/681\/revisions"}],"predecessor-version":[{"id":2370,"href":"https:\/\/xn--pranm-yoga-64a.fr\/index.php\/wp-json\/wp\/v2\/pages\/681\/revisions\/2370"}],"wp:attachment":[{"href":"https:\/\/xn--pranm-yoga-64a.fr\/index.php\/wp-json\/wp\/v2\/media?parent=681"}],"curies":[{"name":"wp","href":"https:\/\/api.w.org\/{rel}","templated":true}]}}